{"id":5751,"date":"2024-09-05T09:58:34","date_gmt":"2024-09-05T07:58:34","guid":{"rendered":"https:\/\/dev.jardindigital.com\/www.schleihs-sa.com\/jobs\/"},"modified":"2024-09-25T14:37:23","modified_gmt":"2024-09-25T12:37:23","slug":"jobs","status":"publish","type":"page","link":"https:\/\/www.schleihs-sa.com\/lu\/jobs\/","title":{"rendered":"Jobs"},"content":{"rendered":"\t\t<div data-elementor-type=\"wp-page\" data-elementor-id=\"5751\" class=\"elementor elementor-5751 elementor-5473\">\n\t\t\t\t\t\t<section class=\"elementor-section elementor-top-section elementor-element elementor-element-6eb7de3 elementor-section-boxed elementor-section-height-default elementor-section-height-default\" data-id=\"6eb7de3\" data-element_type=\"section\" data-settings=\"{&quot;background_background&quot;:&quot;classic&quot;}\">\n\t\t\t\t\t\t<div class=\"elementor-container elementor-column-gap-extended\">\n\t\t\t\t\t<div class=\"elementor-column elementor-col-100 elementor-top-column elementor-element elementor-element-6c13dc4\" data-id=\"6c13dc4\" data-element_type=\"column\">\n\t\t\t<div class=\"elementor-widget-wrap elementor-element-populated\">\n\t\t\t\t\t\t<div class=\"elementor-element elementor-element-bfaf796 elementor-widget elementor-widget-text-editor\" data-id=\"bfaf796\" data-element_type=\"widget\" data-widget_type=\"text-editor.default\">\n\t\t\t\t<div class=\"elementor-widget-container\">\n\t\t\t\t\t\t\t<p>Fir eis Ekipp ze verst\u00e4erken, siche mir fir de fr\u00e9istm\u00e9iglechen Aarbechtsstart en<\/p><h2>Ustr\u00e4icher oder Verbotzer<\/h2><p><u>D\u00e4i Profil:<\/u><\/p><ul><li>Erfarung als Ustr\u00e4icher oder Verbotzer<\/li><li>Zouverl\u00e4ssegkeet, Teamf\u00e4egkeet, Selbstst\u00e4nnegkeet<\/li><li>Autosf\u00fcrersch\u00e4in<\/li><\/ul><p><u>Mir bidden dir:<\/u><\/p><p>Eng s\u00e9cher Aarbechtsplaz am Bannen- an am Bausseber\u00e4ich an enger jonker dynamescher Ekipp<\/p><p><strong>Sch\u00e9ck eis deng Bewerbung un:<\/strong><\/p><p><a href=\"mailto:simone@schleihs-sa.com\">simone@schleihs-sa.com<\/a><\/p>\t\t\t\t\t\t<\/div>\n\t\t\t\t<\/div>\n\t\t\t\t\t<\/div>\n\t\t<\/div>\n\t\t\t\t\t<\/div>\n\t\t<\/section>\n\t\t\t\t<\/div>\n\t\t","protected":false},"excerpt":{"rendered":"<p>Fir eis Ekipp ze verst\u00e4erken, siche mir fir de fr\u00e9istm\u00e9iglechen Aarbechtsstart en Ustr\u00e4icher oder Verbotzer D\u00e4i Profil: Erfarung als Ustr\u00e4icher oder Verbotzer Zouverl\u00e4ssegkeet, Teamf\u00e4egkeet, Selbstst\u00e4nnegkeet Autosf\u00fcrersch\u00e4in Mir bidden dir: Eng s\u00e9cher Aarbechtsplaz am Bannen- an am Bausseber\u00e4ich an enger jonker dynamescher Ekipp Sch\u00e9ck eis deng Bewerbung un: simone@schleihs-sa.com<\/p>\n","protected":false},"author":1,"featured_media":0,"parent":0,"menu_order":0,"comment_status":"closed","ping_status":"closed","template":"elementor_header_footer","meta":{"footnotes":""},"class_list":["post-5751","page","type-page","status-publish","hentry"],"_links":{"self":[{"href":"https:\/\/www.schleihs-sa.com\/lu\/wp-json\/wp\/v2\/pages\/5751"}],"collection":[{"href":"https:\/\/www.schleihs-sa.com\/lu\/wp-json\/wp\/v2\/pages"}],"about":[{"href":"https:\/\/www.schleihs-sa.com\/lu\/wp-json\/wp\/v2\/types\/page"}],"author":[{"embeddable":true,"href":"https:\/\/www.schleihs-sa.com\/lu\/wp-json\/wp\/v2\/users\/1"}],"replies":[{"embeddable":true,"href":"https:\/\/www.schleihs-sa.com\/lu\/wp-json\/wp\/v2\/comments?post=5751"}],"version-history":[{"count":3,"href":"https:\/\/www.schleihs-sa.com\/lu\/wp-json\/wp\/v2\/pages\/5751\/revisions"}],"predecessor-version":[{"id":5761,"href":"https:\/\/www.schleihs-sa.com\/lu\/wp-json\/wp\/v2\/pages\/5751\/revisions\/5761"}],"wp:attachment":[{"href":"https:\/\/www.schleihs-sa.com\/lu\/wp-json\/wp\/v2\/media?parent=5751"}],"curies":[{"name":"wp","href":"https:\/\/api.w.org\/{rel}","templated":true}]}}