{"id":5739,"date":"2024-09-05T09:56:02","date_gmt":"2024-09-05T07:56:02","guid":{"rendered":"https:\/\/dev.jardindigital.com\/www.schleihs-sa.com\/ueber-uns\/"},"modified":"2024-09-26T13:33:21","modified_gmt":"2024-09-26T11:33:21","slug":"iwwer-eis","status":"publish","type":"page","link":"https:\/\/www.schleihs-sa.com\/lu\/iwwer-eis\/","title":{"rendered":"Iwwer eis"},"content":{"rendered":"\t\t<div data-elementor-type=\"wp-page\" data-elementor-id=\"5739\" class=\"elementor elementor-5739 elementor-5464\">\n\t\t\t\t\t\t<section class=\"elementor-section elementor-top-section elementor-element elementor-element-6eb7de3 elementor-section-boxed elementor-section-height-default elementor-section-height-default\" data-id=\"6eb7de3\" data-element_type=\"section\" data-settings=\"{&quot;background_background&quot;:&quot;classic&quot;}\">\n\t\t\t\t\t\t<div class=\"elementor-container elementor-column-gap-extended\">\n\t\t\t\t\t<div class=\"elementor-column elementor-col-100 elementor-top-column elementor-element elementor-element-6c13dc4\" data-id=\"6c13dc4\" data-element_type=\"column\">\n\t\t\t<div class=\"elementor-widget-wrap elementor-element-populated\">\n\t\t\t\t\t\t<div class=\"elementor-element elementor-element-0afb92a elementor-widget elementor-widget-heading\" data-id=\"0afb92a\" data-element_type=\"widget\" data-widget_type=\"heading.default\">\n\t\t\t\t<div class=\"elementor-widget-container\">\n\t\t\t<h2 class=\"elementor-heading-title elementor-size-default\">En dynamesche Betrib<\/h2>\t\t<\/div>\n\t\t\t\t<\/div>\n\t\t\t\t<div class=\"elementor-element elementor-element-9348e93 elementor-widget elementor-widget-spacer\" data-id=\"9348e93\" data-element_type=\"widget\" data-widget_type=\"spacer.default\">\n\t\t\t\t<div class=\"elementor-widget-container\">\n\t\t\t\t\t<div class=\"elementor-spacer\">\n\t\t\t<div class=\"elementor-spacer-inner\"><\/div>\n\t\t<\/div>\n\t\t\t\t<\/div>\n\t\t\t\t<\/div>\n\t\t\t\t<div class=\"elementor-element elementor-element-bfaf796 elementor-widget elementor-widget-text-editor\" data-id=\"bfaf796\" data-element_type=\"widget\" data-widget_type=\"text-editor.default\">\n\t\t\t\t<div class=\"elementor-widget-container\">\n\t\t\t\t\t\t\t<p>Mir sinn en innovativen Ustr\u00e4icherbetrib, deen z\u00ebnter Joren am Dr\u00e4il\u00e4nnereck BE-DE-LUX besteet.<\/p><p>Am Joer 1981 hunn ech meng Ausbildung als Ustr\u00e4icher a Buedemverlee\u00ebr am Betrib Willy Schleihs ugefaangen.<\/p><p>Zesummen hu mir 1995 d'&#8221;KS MALERARBEITEN PGmbH&#8221; gegr\u00ebnnt, d\u00e9i fir d&#8217;Clienten an der Belsch an an D\u00e4itschland zoust\u00e4nneg ass, souw\u00e9i d'&#8221;SCHLEIHS ANSTRICH-PEINTURE SA&#8221;, d\u00e9i sech un d&#8217;Clienten aus dem Grand-Duch\u00e9 riicht.<\/p><p>2009 huet m\u00e4i Fils, de Jan, seng Ausbildung am Betrib ugefaangen.<\/p><p>Enn 2011 ass de Willy Schleihs a seng wuelverd\u00e9ngt Pensioun gaangen.<\/p><p>Z\u00ebnter 2012 sinn ech fir b\u00e9id Firme verantwortlech an och meng Duechter Simone ass z\u00ebnterhier am Betrib aktiv.<\/p><p>D&#8217;Simone k\u00ebmmert sech \u00ebm d&#8217;Clientsbetreiung an d&#8217;Offeren.<\/p><p>D&#8217;Bianca Elsen huet scho beim Willy als Sekret\u00e4rin geschafft. Si k\u00ebmmert sech och bei eis \u00ebm d&#8217;Comptabilit\u00e9it an d&#8217;Rechnungswiesen an ass feste Bestanddeel vun eiser Firma.<\/p><p>2013 ass KS MALERARBEITEN an d\u00e9i nei Lagerraim an der neier Industriezon, Mercatorstrooss 19, op St. Vith gepl\u00ebnnert.<\/p><p>2014 gouf de Jan Direkter vu KS MALERARBEITEN PGmbH.<\/p><p>Z\u00ebnter 2018 leeden de Jan an de Roland b\u00e9id Firmen an Zesummenaarbecht mam Simone.<\/p><p>Am Moment hu mir 12 Aarbechter an 1 L\u00e9iermeedchen.<\/p><p>Eng Rei Mataarbechter si schonn z\u00ebnter Joren e feste Bestanddeel vun eiser Firma.<\/p>\t\t\t\t\t\t<\/div>\n\t\t\t\t<\/div>\n\t\t\t\t\t<\/div>\n\t\t<\/div>\n\t\t\t\t\t<\/div>\n\t\t<\/section>\n\t\t\t\t<section class=\"elementor-section elementor-top-section elementor-element elementor-element-76ead9c elementor-section-boxed elementor-section-height-default elementor-section-height-default\" data-id=\"76ead9c\" data-element_type=\"section\" data-settings=\"{&quot;background_background&quot;:&quot;classic&quot;}\">\n\t\t\t\t\t\t<div class=\"elementor-container elementor-column-gap-extended\">\n\t\t\t\t\t<div class=\"elementor-column elementor-col-50 elementor-top-column elementor-element elementor-element-e57547e\" data-id=\"e57547e\" data-element_type=\"column\">\n\t\t\t<div class=\"elementor-widget-wrap elementor-element-populated\">\n\t\t\t\t\t\t<div class=\"elementor-element elementor-element-1daa882 elementor-align-center elementor-widget elementor-widget-button\" data-id=\"1daa882\" data-element_type=\"widget\" data-widget_type=\"button.default\">\n\t\t\t\t<div class=\"elementor-widget-container\">\n\t\t\t\t\t<div class=\"elementor-button-wrapper\">\n\t\t\t<a class=\"elementor-button elementor-button-link elementor-size-sm\" href=\"https:\/\/www.schleihs-sa.com\/lu\/kontakt\/\">\n\t\t\t\t\t\t<span class=\"elementor-button-content-wrapper\">\n\t\t\t\t\t\t\t\t\t<span class=\"elementor-button-text\">KONTAKT\u00c9IERT EIS<\/span>\n\t\t\t\t\t<\/span>\n\t\t\t\t\t<\/a>\n\t\t<\/div>\n\t\t\t\t<\/div>\n\t\t\t\t<\/div>\n\t\t\t\t<div class=\"elementor-element elementor-element-760b060 elementor-widget elementor-widget-spacer\" data-id=\"760b060\" data-element_type=\"widget\" data-widget_type=\"spacer.default\">\n\t\t\t\t<div class=\"elementor-widget-container\">\n\t\t\t\t\t<div class=\"elementor-spacer\">\n\t\t\t<div class=\"elementor-spacer-inner\"><\/div>\n\t\t<\/div>\n\t\t\t\t<\/div>\n\t\t\t\t<\/div>\n\t\t\t\t\t<\/div>\n\t\t<\/div>\n\t\t\t\t<div class=\"elementor-column elementor-col-50 elementor-top-column elementor-element elementor-element-269aa95\" data-id=\"269aa95\" data-element_type=\"column\">\n\t\t\t<div class=\"elementor-widget-wrap elementor-element-populated\">\n\t\t\t\t\t\t<div class=\"elementor-element elementor-element-6af0c9a elementor-align-center elementor-widget elementor-widget-button\" data-id=\"6af0c9a\" data-element_type=\"widget\" data-widget_type=\"button.default\">\n\t\t\t\t<div class=\"elementor-widget-container\">\n\t\t\t\t\t<div class=\"elementor-button-wrapper\">\n\t\t\t<a class=\"elementor-button elementor-button-link elementor-size-sm\" href=\"https:\/\/www.schleihs-sa.com\/lu\/jobs\/\">\n\t\t\t\t\t\t<span class=\"elementor-button-content-wrapper\">\n\t\t\t\t\t\t\t\t\t<span class=\"elementor-button-text\">BEWERB DECH ELO!<\/span>\n\t\t\t\t\t<\/span>\n\t\t\t\t\t<\/a>\n\t\t<\/div>\n\t\t\t\t<\/div>\n\t\t\t\t<\/div>\n\t\t\t\t<div class=\"elementor-element elementor-element-218b6a8 elementor-widget elementor-widget-spacer\" data-id=\"218b6a8\" data-element_type=\"widget\" data-widget_type=\"spacer.default\">\n\t\t\t\t<div class=\"elementor-widget-container\">\n\t\t\t\t\t<div class=\"elementor-spacer\">\n\t\t\t<div class=\"elementor-spacer-inner\"><\/div>\n\t\t<\/div>\n\t\t\t\t<\/div>\n\t\t\t\t<\/div>\n\t\t\t\t\t<\/div>\n\t\t<\/div>\n\t\t\t\t\t<\/div>\n\t\t<\/section>\n\t\t\t\t<\/div>\n\t\t","protected":false},"excerpt":{"rendered":"<p>En dynamesche Betrib Mir sinn en innovativen Ustr\u00e4icherbetrib, deen z\u00ebnter Joren am Dr\u00e4il\u00e4nnereck BE-DE-LUX besteet. Am Joer 1981 hunn ech meng Ausbildung als Ustr\u00e4icher a Buedemverlee\u00ebr am Betrib Willy Schleihs ugefaangen. Zesummen hu mir 1995 d&#8217;&#8221;KS MALERARBEITEN PGmbH&#8221; gegr\u00ebnnt, d\u00e9i fir d&#8217;Clienten an der Belsch an an D\u00e4itschland zoust\u00e4nneg ass, souw\u00e9i d&#8217;&#8221;SCHLEIHS ANSTRICH-PEINTURE SA&#8221;, d\u00e9i&#8230;<\/p>\n","protected":false},"author":1,"featured_media":0,"parent":0,"menu_order":0,"comment_status":"closed","ping_status":"closed","template":"elementor_header_footer","meta":{"footnotes":""},"class_list":["post-5739","page","type-page","status-publish","hentry"],"_links":{"self":[{"href":"https:\/\/www.schleihs-sa.com\/lu\/wp-json\/wp\/v2\/pages\/5739"}],"collection":[{"href":"https:\/\/www.schleihs-sa.com\/lu\/wp-json\/wp\/v2\/pages"}],"about":[{"href":"https:\/\/www.schleihs-sa.com\/lu\/wp-json\/wp\/v2\/types\/page"}],"author":[{"embeddable":true,"href":"https:\/\/www.schleihs-sa.com\/lu\/wp-json\/wp\/v2\/users\/1"}],"replies":[{"embeddable":true,"href":"https:\/\/www.schleihs-sa.com\/lu\/wp-json\/wp\/v2\/comments?post=5739"}],"version-history":[{"count":7,"href":"https:\/\/www.schleihs-sa.com\/lu\/wp-json\/wp\/v2\/pages\/5739\/revisions"}],"predecessor-version":[{"id":5883,"href":"https:\/\/www.schleihs-sa.com\/lu\/wp-json\/wp\/v2\/pages\/5739\/revisions\/5883"}],"wp:attachment":[{"href":"https:\/\/www.schleihs-sa.com\/lu\/wp-json\/wp\/v2\/media?parent=5739"}],"curies":[{"name":"wp","href":"https:\/\/api.w.org\/{rel}","templated":true}]}}