{"id":5703,"date":"2024-08-30T13:12:50","date_gmt":"2024-08-30T11:12:50","guid":{"rendered":"https:\/\/dev.jardindigital.com\/www.schleihs-sa.com\/isolierung-putze\/"},"modified":"2024-09-25T14:20:00","modified_gmt":"2024-09-25T12:20:00","slug":"isoleierung-botz","status":"publish","type":"page","link":"https:\/\/www.schleihs-sa.com\/lu\/isoleierung-botz\/","title":{"rendered":"Isol\u00e9ierung \/ Botz"},"content":{"rendered":"\t\t<div data-elementor-type=\"wp-page\" data-elementor-id=\"5703\" class=\"elementor elementor-5703 elementor-4977\">\n\t\t\t\t\t\t<section class=\"elementor-section elementor-top-section elementor-element elementor-element-7e1b73d5 elementor-section-stretched elementor-section-boxed elementor-section-height-default elementor-section-height-default\" data-id=\"7e1b73d5\" data-element_type=\"section\" data-settings=\"{&quot;background_background&quot;:&quot;classic&quot;,&quot;stretch_section&quot;:&quot;section-stretched&quot;}\">\n\t\t\t\t\t\t\t<div class=\"elementor-background-overlay\"><\/div>\n\t\t\t\t\t\t\t<div class=\"elementor-container elementor-column-gap-default\">\n\t\t\t\t\t<div class=\"elementor-column elementor-col-50 elementor-top-column elementor-element elementor-element-4147d564\" data-id=\"4147d564\" data-element_type=\"column\">\n\t\t\t<div class=\"elementor-widget-wrap elementor-element-populated\">\n\t\t\t\t\t\t<div class=\"elementor-element elementor-element-2f5753b0 elementor-widget elementor-widget-rt-title\" data-id=\"2f5753b0\" data-element_type=\"widget\" data-widget_type=\"rt-title.default\">\n\t\t\t\t<div class=\"elementor-widget-container\">\n\t\t\t<div class=\"heading-default-layout heading-layout1new\">\t\t\t\r\n\t\t\t<div class=\"item-beforetitle item-subtitle\">WAT MIR MAACHEN<\/div>\t\t\r\n\t\t<h2 class=\"item-title\"> Isol\u00e9ierung <\/h2>\r\n\t\t<\/div>\r\n\t\t<\/div>\n\t\t\t\t<\/div>\n\t\t\t\t<div class=\"elementor-element elementor-element-5b5d93f elementor-widget elementor-widget-text-editor\" data-id=\"5b5d93f\" data-element_type=\"widget\" data-widget_type=\"text-editor.default\">\n\t\t\t\t<div class=\"elementor-widget-container\">\n\t\t\t\t\t\t\t<p>Styropor ass eng klassesch Variant fir d&#8217;D\u00e4mme vun Haiser an huet gutt Eegenschaften, wat d&#8217;W\u00e4ermtd\u00e4mmung betr\u00ebfft. \u00a0Den D\u00e4mmstoff isol\u00e9iert dank senger Loftkummer gutt g\u00e9int Keelt an H\u00ebtzt an ass doduerch e bel\u00e9ift Material fir W\u00e4ermtd\u00e4mmverbundsystemer. Ausserdeem ass en einfach ze verschaffen an h\u00eblt n\u00ebmme w\u00e9ineg Fiichtegkeet op. D&#8217;Material ass liicht, wat d&#8217;Verschaffe vereinfacht. Styropor kann och ganz einfach zougeschnidde ginn, fir en der Form vum Gebai, de W\u00e4nn oder de Plaffongen unzepassen.<\/p><p>Als Alternativ bidde mir och Mineralwoll als D\u00e4mmmaterial un.<\/p>\t\t\t\t\t\t<\/div>\n\t\t\t\t<\/div>\n\t\t\t\t<div class=\"elementor-element elementor-element-238be4f elementor-widget elementor-widget-spacer\" data-id=\"238be4f\" data-element_type=\"widget\" data-widget_type=\"spacer.default\">\n\t\t\t\t<div class=\"elementor-widget-container\">\n\t\t\t\t\t<div class=\"elementor-spacer\">\n\t\t\t<div class=\"elementor-spacer-inner\"><\/div>\n\t\t<\/div>\n\t\t\t\t<\/div>\n\t\t\t\t<\/div>\n\t\t\t\t\t<\/div>\n\t\t<\/div>\n\t\t\t\t<div class=\"elementor-column elementor-col-50 elementor-top-column elementor-element elementor-element-7476494 elementor-invisible\" data-id=\"7476494\" data-element_type=\"column\" data-settings=\"{&quot;animation&quot;:&quot;fadeInRight&quot;}\">\n\t\t\t<div class=\"elementor-widget-wrap elementor-element-populated\">\n\t\t\t\t\t\t<div class=\"elementor-element elementor-element-1ee41d0c elementor-widget elementor-widget-image\" data-id=\"1ee41d0c\" data-element_type=\"widget\" data-widget_type=\"image.default\">\n\t\t\t\t<div class=\"elementor-widget-container\">\n\t\t\t\t\t\t\t\t\t\t\t\t\t<img fetchpriority=\"high\" decoding=\"async\" width=\"800\" height=\"1200\" src=\"https:\/\/www.schleihs-sa.com\/wp-content\/uploads\/2024\/08\/schleihs-iso-putze_aussen-1920x900-02.jpg\" class=\"attachment-full size-full wp-image-4982\" alt=\"\" srcset=\"https:\/\/www.schleihs-sa.com\/wp-content\/uploads\/2024\/08\/schleihs-iso-putze_aussen-1920x900-02.jpg 800w, https:\/\/www.schleihs-sa.com\/wp-content\/uploads\/2024\/08\/schleihs-iso-putze_aussen-1920x900-02-200x300.jpg 200w, https:\/\/www.schleihs-sa.com\/wp-content\/uploads\/2024\/08\/schleihs-iso-putze_aussen-1920x900-02-683x1024.jpg 683w\" sizes=\"(max-width: 800px) 100vw, 800px\" \/>\t\t\t\t\t\t\t\t\t\t\t\t\t<\/div>\n\t\t\t\t<\/div>\n\t\t\t\t\t<\/div>\n\t\t<\/div>\n\t\t\t\t\t<\/div>\n\t\t<\/section>\n\t\t\t\t<section class=\"elementor-section elementor-top-section elementor-element elementor-element-9f65cb7 elementor-section-stretched elementor-section-boxed elementor-section-height-default elementor-section-height-default\" data-id=\"9f65cb7\" data-element_type=\"section\" data-settings=\"{&quot;background_background&quot;:&quot;classic&quot;,&quot;stretch_section&quot;:&quot;section-stretched&quot;}\">\n\t\t\t\t\t\t\t<div class=\"elementor-background-overlay\"><\/div>\n\t\t\t\t\t\t\t<div class=\"elementor-container elementor-column-gap-default\">\n\t\t\t\t\t<div class=\"elementor-column elementor-col-50 elementor-top-column elementor-element elementor-element-7ad0fa4 elementor-invisible\" data-id=\"7ad0fa4\" data-element_type=\"column\" data-settings=\"{&quot;animation&quot;:&quot;fadeInLeft&quot;}\">\n\t\t\t<div class=\"elementor-widget-wrap elementor-element-populated\">\n\t\t\t\t\t\t<div class=\"elementor-element elementor-element-965c98a elementor-widget elementor-widget-image\" data-id=\"965c98a\" data-element_type=\"widget\" data-widget_type=\"image.default\">\n\t\t\t\t<div class=\"elementor-widget-container\">\n\t\t\t\t\t\t\t\t\t\t\t\t\t<img decoding=\"async\" width=\"801\" height=\"1200\" src=\"https:\/\/www.schleihs-sa.com\/wp-content\/uploads\/2024\/08\/schleihs-iso-putze_aussen-1920x900-03.jpg\" class=\"attachment-full size-full wp-image-4983\" alt=\"\" srcset=\"https:\/\/www.schleihs-sa.com\/wp-content\/uploads\/2024\/08\/schleihs-iso-putze_aussen-1920x900-03.jpg 801w, https:\/\/www.schleihs-sa.com\/wp-content\/uploads\/2024\/08\/schleihs-iso-putze_aussen-1920x900-03-200x300.jpg 200w, https:\/\/www.schleihs-sa.com\/wp-content\/uploads\/2024\/08\/schleihs-iso-putze_aussen-1920x900-03-684x1024.jpg 684w\" sizes=\"(max-width: 801px) 100vw, 801px\" \/>\t\t\t\t\t\t\t\t\t\t\t\t\t<\/div>\n\t\t\t\t<\/div>\n\t\t\t\t\t<\/div>\n\t\t<\/div>\n\t\t\t\t<div class=\"elementor-column elementor-col-50 elementor-top-column elementor-element elementor-element-8dec9ec\" data-id=\"8dec9ec\" data-element_type=\"column\">\n\t\t\t<div class=\"elementor-widget-wrap elementor-element-populated\">\n\t\t\t\t\t\t<div class=\"elementor-element elementor-element-79c5d4d elementor-widget elementor-widget-rt-title\" data-id=\"79c5d4d\" data-element_type=\"widget\" data-widget_type=\"rt-title.default\">\n\t\t\t\t<div class=\"elementor-widget-container\">\n\t\t\t<div class=\"heading-default-layout heading-layout1new\">\t\t\t\r\n\t\t\t<div class=\"item-beforetitle item-subtitle\">WAT MIR MAACHEN<\/div>\t\t\r\n\t\t<h2 class=\"item-title\"> Botz <\/h2>\r\n\t\t<\/div>\r\n\t\t<\/div>\n\t\t\t\t<\/div>\n\t\t\t\t<div class=\"elementor-element elementor-element-26b3be6 elementor-widget elementor-widget-text-editor\" data-id=\"26b3be6\" data-element_type=\"widget\" data-widget_type=\"text-editor.default\">\n\t\t\t\t<div class=\"elementor-widget-container\">\n\t\t\t\t\t\t\t<p>Et gi vill Zorte vu Botz. Eng Gemeinsamkeet, d\u00e9i se all deelen, ass, datt se aus enger M\u00ebschung aus Sand, Waasser an engem Bindem\u00ebttel bestinn, z.\u00a0B. Zement, Kallek oder Gips.<\/p><p>Och d&#8217;St\u00e4erkt vum Botz ass relevant fir d&#8217;Verwendung. Zum D\u00e9ckschichtbotz geh\u00e9iert z. B. den \u00cbnnerbotz. En \u00cbnnerbotz soll Oneebenheeten ausgl\u00e4ichen an d&#8217;Fl\u00e4ch optimal op den Uewerbotz virbereeden. Den Uewerbotz g\u00ebtt dofir och als Eedelbotz bezeechent a kann e groussen Afloss op d&#8217;Fassadegestaltung hunn. B\u00e9id Botzschichte mussen allerd\u00e9ngs openeen ofgest\u00ebmmt sinn, soss kann et zu R\u00ebss an Onstabilit\u00e9it kommen.<\/p>\t\t\t\t\t\t<\/div>\n\t\t\t\t<\/div>\n\t\t\t\t\t<\/div>\n\t\t<\/div>\n\t\t\t\t\t<\/div>\n\t\t<\/section>\n\t\t\t\t<section class=\"elementor-section elementor-top-section elementor-element elementor-element-beee15b elementor-section-stretched elementor-section-boxed elementor-section-height-default elementor-section-height-default\" data-id=\"beee15b\" data-element_type=\"section\" data-settings=\"{&quot;stretch_section&quot;:&quot;section-stretched&quot;,&quot;background_background&quot;:&quot;classic&quot;}\">\n\t\t\t\t\t\t<div class=\"elementor-container elementor-column-gap-default\">\n\t\t\t\t\t<div class=\"elementor-column elementor-col-50 elementor-top-column elementor-element elementor-element-c3ce9b1\" data-id=\"c3ce9b1\" data-element_type=\"column\">\n\t\t\t<div class=\"elementor-widget-wrap elementor-element-populated\">\n\t\t\t\t\t\t<div class=\"elementor-element elementor-element-bee9df8 elementor-widget elementor-widget-rt-title\" data-id=\"bee9df8\" data-element_type=\"widget\" data-widget_type=\"rt-title.default\">\n\t\t\t\t<div class=\"elementor-widget-container\">\n\t\t\t<div class=\"heading-default-layout heading-layout1new\">\t\t\t\r\n\t\t\t<div class=\"item-beforetitle item-subtitle\">D\u00c9I J\u00c9NGST PROJETEN<\/div>\t\t\r\n\t\t<h2 class=\"item-title\"> Kuckt Iech eis <br>\nNeist Aarbechten un <\/h2>\r\n\t\t<\/div>\r\n\t\t<\/div>\n\t\t\t\t<\/div>\n\t\t\t\t\t<\/div>\n\t\t<\/div>\n\t\t\t\t<div class=\"elementor-column elementor-col-50 elementor-top-column elementor-element elementor-element-a5bfc1b\" data-id=\"a5bfc1b\" data-element_type=\"column\">\n\t\t\t<div class=\"elementor-widget-wrap elementor-element-populated\">\n\t\t\t\t\t\t<div class=\"elementor-element elementor-element-4b6552a elementor-widget elementor-widget-rt-title\" data-id=\"4b6552a\" data-element_type=\"widget\" data-widget_type=\"rt-title.default\">\n\t\t\t\t<div class=\"elementor-widget-container\">\n\t\t\t<div class=\"heading-default-layout heading-layout1\">\t\t\t\r\n\t\t<h2 class=\"item-title\">  <\/h2>\r\n\t\t\t\t<p class=\"section-subtitle\">D'Qualit\u00e9it vun den Aarbechten entspr\u00e9cht den h\u00e9chste Standarden. Hanner all Detail stieche Suergfalt a Prezisioun. Mir si Meeschter an eisem Fach a sti fir impeccabel Resultater an zefridde Clienten.<\/p>\r\n\t<\/div>\r\n\t\t<\/div>\n\t\t\t\t<\/div>\n\t\t\t\t<div class=\"elementor-element elementor-element-c18b594 elementor-widget elementor-widget-spacer\" data-id=\"c18b594\" data-element_type=\"widget\" data-widget_type=\"spacer.default\">\n\t\t\t\t<div class=\"elementor-widget-container\">\n\t\t\t\t\t<div class=\"elementor-spacer\">\n\t\t\t<div class=\"elementor-spacer-inner\"><\/div>\n\t\t<\/div>\n\t\t\t\t<\/div>\n\t\t\t\t<\/div>\n\t\t\t\t<div class=\"elementor-element elementor-element-9ac9091 elementor-widget elementor-widget-image-gallery\" data-id=\"9ac9091\" data-element_type=\"widget\" data-widget_type=\"image-gallery.default\">\n\t\t\t\t<div class=\"elementor-widget-container\">\n\t\t\t\t\t<div class=\"elementor-image-gallery\">\n\t\t\t<div id='gallery-1' class='gallery galleryid-5703 gallery-columns-4 gallery-size-thumbnail'><figure class='gallery-item'>\n\t\t\t<div class='gallery-icon portrait'>\n\t\t\t\t<a data-elementor-open-lightbox=\"yes\" data-elementor-lightbox-slideshow=\"9ac9091\" data-elementor-lightbox-title=\"schleihs-isolierung-004\" data-e-action-hash=\"#elementor-action%3Aaction%3Dlightbox%26settings%3DeyJpZCI6NTM5NCwidXJsIjoiaHR0cHM6XC9cL3d3dy5zY2hsZWlocy1zYS5jb21cL3dwLWNvbnRlbnRcL3VwbG9hZHNcLzIwMjRcLzA5XC9zY2hsZWlocy1pc29saWVydW5nLTAwNC5qcGciLCJzbGlkZXNob3ciOiI5YWM5MDkxIn0%3D\" href='https:\/\/www.schleihs-sa.com\/wp-content\/uploads\/2024\/09\/schleihs-isolierung-004.jpg'><img decoding=\"async\" width=\"150\" height=\"150\" src=\"https:\/\/www.schleihs-sa.com\/wp-content\/uploads\/2024\/09\/schleihs-isolierung-004-150x150.jpg\" class=\"attachment-thumbnail size-thumbnail\" alt=\"\" \/><\/a>\n\t\t\t<\/div><\/figure><figure class='gallery-item'>\n\t\t\t<div class='gallery-icon landscape'>\n\t\t\t\t<a data-elementor-open-lightbox=\"yes\" data-elementor-lightbox-slideshow=\"9ac9091\" data-elementor-lightbox-title=\"schleihs-isolierung-001\" data-e-action-hash=\"#elementor-action%3Aaction%3Dlightbox%26settings%3DeyJpZCI6NTM4NSwidXJsIjoiaHR0cHM6XC9cL3d3dy5zY2hsZWlocy1zYS5jb21cL3dwLWNvbnRlbnRcL3VwbG9hZHNcLzIwMjRcLzA5XC9zY2hsZWlocy1pc29saWVydW5nLTAwMS5qcGciLCJzbGlkZXNob3ciOiI5YWM5MDkxIn0%3D\" href='https:\/\/www.schleihs-sa.com\/wp-content\/uploads\/2024\/09\/schleihs-isolierung-001.jpg'><img loading=\"lazy\" decoding=\"async\" width=\"150\" height=\"150\" src=\"https:\/\/www.schleihs-sa.com\/wp-content\/uploads\/2024\/09\/schleihs-isolierung-001-150x150.jpg\" class=\"attachment-thumbnail size-thumbnail\" alt=\"\" \/><\/a>\n\t\t\t<\/div><\/figure><figure class='gallery-item'>\n\t\t\t<div class='gallery-icon landscape'>\n\t\t\t\t<a data-elementor-open-lightbox=\"yes\" data-elementor-lightbox-slideshow=\"9ac9091\" data-elementor-lightbox-title=\"schleihs-isolierung-002\" data-e-action-hash=\"#elementor-action%3Aaction%3Dlightbox%26settings%3DeyJpZCI6NTM4OCwidXJsIjoiaHR0cHM6XC9cL3d3dy5zY2hsZWlocy1zYS5jb21cL3dwLWNvbnRlbnRcL3VwbG9hZHNcLzIwMjRcLzA5XC9zY2hsZWlocy1pc29saWVydW5nLTAwMi5qcGciLCJzbGlkZXNob3ciOiI5YWM5MDkxIn0%3D\" href='https:\/\/www.schleihs-sa.com\/wp-content\/uploads\/2024\/09\/schleihs-isolierung-002.jpg'><img loading=\"lazy\" decoding=\"async\" width=\"150\" height=\"150\" src=\"https:\/\/www.schleihs-sa.com\/wp-content\/uploads\/2024\/09\/schleihs-isolierung-002-150x150.jpg\" class=\"attachment-thumbnail size-thumbnail\" alt=\"\" \/><\/a>\n\t\t\t<\/div><\/figure><figure class='gallery-item'>\n\t\t\t<div class='gallery-icon landscape'>\n\t\t\t\t<a data-elementor-open-lightbox=\"yes\" data-elementor-lightbox-slideshow=\"9ac9091\" data-elementor-lightbox-title=\"schleihs-isolierung-003\" data-e-action-hash=\"#elementor-action%3Aaction%3Dlightbox%26settings%3DeyJpZCI6NTM5MSwidXJsIjoiaHR0cHM6XC9cL3d3dy5zY2hsZWlocy1zYS5jb21cL3dwLWNvbnRlbnRcL3VwbG9hZHNcLzIwMjRcLzA5XC9zY2hsZWlocy1pc29saWVydW5nLTAwMy5qcGciLCJzbGlkZXNob3ciOiI5YWM5MDkxIn0%3D\" href='https:\/\/www.schleihs-sa.com\/wp-content\/uploads\/2024\/09\/schleihs-isolierung-003.jpg'><img loading=\"lazy\" decoding=\"async\" width=\"150\" height=\"150\" src=\"https:\/\/www.schleihs-sa.com\/wp-content\/uploads\/2024\/09\/schleihs-isolierung-003-150x150.jpg\" class=\"attachment-thumbnail size-thumbnail\" alt=\"\" \/><\/a>\n\t\t\t<\/div><\/figure>\n\t\t<\/div>\n\t\t<\/div>\n\t\t\t\t<\/div>\n\t\t\t\t<\/div>\n\t\t\t\t<div class=\"elementor-element elementor-element-392340c elementor-widget elementor-widget-image-gallery\" data-id=\"392340c\" data-element_type=\"widget\" data-widget_type=\"image-gallery.default\">\n\t\t\t\t<div class=\"elementor-widget-container\">\n\t\t\t\t\t<div class=\"elementor-image-gallery\">\n\t\t\t<div id='gallery-2' class='gallery galleryid-5703 gallery-columns-4 gallery-size-thumbnail'><figure class='gallery-item'>\n\t\t\t<div class='gallery-icon landscape'>\n\t\t\t\t<a data-elementor-open-lightbox=\"yes\" data-elementor-lightbox-slideshow=\"392340c\" data-elementor-lightbox-title=\"schleihs-putze_aussen-002\" data-e-action-hash=\"#elementor-action%3Aaction%3Dlightbox%26settings%3DeyJpZCI6NTM5NywidXJsIjoiaHR0cHM6XC9cL3d3dy5zY2hsZWlocy1zYS5jb21cL3dwLWNvbnRlbnRcL3VwbG9hZHNcLzIwMjRcLzA5XC9zY2hsZWlocy1wdXR6ZV9hdXNzZW4tMDAyLmpwZyIsInNsaWRlc2hvdyI6IjM5MjM0MGMifQ%3D%3D\" href='https:\/\/www.schleihs-sa.com\/wp-content\/uploads\/2024\/09\/schleihs-putze_aussen-002.jpg'><img loading=\"lazy\" decoding=\"async\" width=\"150\" height=\"150\" src=\"https:\/\/www.schleihs-sa.com\/wp-content\/uploads\/2024\/09\/schleihs-putze_aussen-002-150x150.jpg\" class=\"attachment-thumbnail size-thumbnail\" alt=\"\" \/><\/a>\n\t\t\t<\/div><\/figure><figure class='gallery-item'>\n\t\t\t<div class='gallery-icon portrait'>\n\t\t\t\t<a data-elementor-open-lightbox=\"yes\" data-elementor-lightbox-slideshow=\"392340c\" data-elementor-lightbox-title=\"schleihs-putze_aussen-003\" data-e-action-hash=\"#elementor-action%3Aaction%3Dlightbox%26settings%3DeyJpZCI6NTQwMCwidXJsIjoiaHR0cHM6XC9cL3d3dy5zY2hsZWlocy1zYS5jb21cL3dwLWNvbnRlbnRcL3VwbG9hZHNcLzIwMjRcLzA5XC9zY2hsZWlocy1wdXR6ZV9hdXNzZW4tMDAzLmpwZyIsInNsaWRlc2hvdyI6IjM5MjM0MGMifQ%3D%3D\" href='https:\/\/www.schleihs-sa.com\/wp-content\/uploads\/2024\/09\/schleihs-putze_aussen-003.jpg'><img loading=\"lazy\" decoding=\"async\" width=\"150\" height=\"150\" src=\"https:\/\/www.schleihs-sa.com\/wp-content\/uploads\/2024\/09\/schleihs-putze_aussen-003-150x150.jpg\" class=\"attachment-thumbnail size-thumbnail\" alt=\"\" \/><\/a>\n\t\t\t<\/div><\/figure><figure class='gallery-item'>\n\t\t\t<div class='gallery-icon landscape'>\n\t\t\t\t<a data-elementor-open-lightbox=\"yes\" data-elementor-lightbox-slideshow=\"392340c\" data-elementor-lightbox-title=\"schleihs-putze_aussen-004\" data-e-action-hash=\"#elementor-action%3Aaction%3Dlightbox%26settings%3DeyJpZCI6NTQwMywidXJsIjoiaHR0cHM6XC9cL3d3dy5zY2hsZWlocy1zYS5jb21cL3dwLWNvbnRlbnRcL3VwbG9hZHNcLzIwMjRcLzA5XC9zY2hsZWlocy1wdXR6ZV9hdXNzZW4tMDA0LmpwZyIsInNsaWRlc2hvdyI6IjM5MjM0MGMifQ%3D%3D\" href='https:\/\/www.schleihs-sa.com\/wp-content\/uploads\/2024\/09\/schleihs-putze_aussen-004.jpg'><img loading=\"lazy\" decoding=\"async\" width=\"150\" height=\"150\" src=\"https:\/\/www.schleihs-sa.com\/wp-content\/uploads\/2024\/09\/schleihs-putze_aussen-004-150x150.jpg\" class=\"attachment-thumbnail size-thumbnail\" alt=\"\" \/><\/a>\n\t\t\t<\/div><\/figure><figure class='gallery-item'>\n\t\t\t<div class='gallery-icon landscape'>\n\t\t\t\t<a data-elementor-open-lightbox=\"yes\" data-elementor-lightbox-slideshow=\"392340c\" data-elementor-lightbox-title=\"schleihs-putze_aussen-005\" data-e-action-hash=\"#elementor-action%3Aaction%3Dlightbox%26settings%3DeyJpZCI6NTQwNiwidXJsIjoiaHR0cHM6XC9cL3d3dy5zY2hsZWlocy1zYS5jb21cL3dwLWNvbnRlbnRcL3VwbG9hZHNcLzIwMjRcLzA5XC9zY2hsZWlocy1wdXR6ZV9hdXNzZW4tMDA1LmpwZyIsInNsaWRlc2hvdyI6IjM5MjM0MGMifQ%3D%3D\" href='https:\/\/www.schleihs-sa.com\/wp-content\/uploads\/2024\/09\/schleihs-putze_aussen-005.jpg'><img loading=\"lazy\" decoding=\"async\" width=\"150\" height=\"150\" src=\"https:\/\/www.schleihs-sa.com\/wp-content\/uploads\/2024\/09\/schleihs-putze_aussen-005-150x150.jpg\" class=\"attachment-thumbnail size-thumbnail\" alt=\"\" \/><\/a>\n\t\t\t<\/div><\/figure><figure class='gallery-item'>\n\t\t\t<div class='gallery-icon portrait'>\n\t\t\t\t<a data-elementor-open-lightbox=\"yes\" data-elementor-lightbox-slideshow=\"392340c\" data-elementor-lightbox-title=\"schleihs-putze_aussen-006\" data-e-action-hash=\"#elementor-action%3Aaction%3Dlightbox%26settings%3DeyJpZCI6NTQwOSwidXJsIjoiaHR0cHM6XC9cL3d3dy5zY2hsZWlocy1zYS5jb21cL3dwLWNvbnRlbnRcL3VwbG9hZHNcLzIwMjRcLzA5XC9zY2hsZWlocy1wdXR6ZV9hdXNzZW4tMDA2LmpwZyIsInNsaWRlc2hvdyI6IjM5MjM0MGMifQ%3D%3D\" href='https:\/\/www.schleihs-sa.com\/wp-content\/uploads\/2024\/09\/schleihs-putze_aussen-006.jpg'><img loading=\"lazy\" decoding=\"async\" width=\"150\" height=\"150\" src=\"https:\/\/www.schleihs-sa.com\/wp-content\/uploads\/2024\/09\/schleihs-putze_aussen-006-150x150.jpg\" class=\"attachment-thumbnail size-thumbnail\" alt=\"\" \/><\/a>\n\t\t\t<\/div><\/figure><figure class='gallery-item'>\n\t\t\t<div class='gallery-icon portrait'>\n\t\t\t\t<a data-elementor-open-lightbox=\"yes\" data-elementor-lightbox-slideshow=\"392340c\" data-elementor-lightbox-title=\"schleihs-putze_aussen-007\" data-e-action-hash=\"#elementor-action%3Aaction%3Dlightbox%26settings%3DeyJpZCI6NTQxMiwidXJsIjoiaHR0cHM6XC9cL3d3dy5zY2hsZWlocy1zYS5jb21cL3dwLWNvbnRlbnRcL3VwbG9hZHNcLzIwMjRcLzA5XC9zY2hsZWlocy1wdXR6ZV9hdXNzZW4tMDA3LmpwZyIsInNsaWRlc2hvdyI6IjM5MjM0MGMifQ%3D%3D\" href='https:\/\/www.schleihs-sa.com\/wp-content\/uploads\/2024\/09\/schleihs-putze_aussen-007.jpg'><img loading=\"lazy\" decoding=\"async\" width=\"150\" height=\"150\" src=\"https:\/\/www.schleihs-sa.com\/wp-content\/uploads\/2024\/09\/schleihs-putze_aussen-007-150x150.jpg\" class=\"attachment-thumbnail size-thumbnail\" alt=\"\" \/><\/a>\n\t\t\t<\/div><\/figure>\n\t\t<\/div>\n\t\t<\/div>\n\t\t\t\t<\/div>\n\t\t\t\t<\/div>\n\t\t\t\t<div class=\"elementor-element elementor-element-5202ff5 elementor-widget elementor-widget-image-gallery\" data-id=\"5202ff5\" data-element_type=\"widget\" data-widget_type=\"image-gallery.default\">\n\t\t\t\t<div class=\"elementor-widget-container\">\n\t\t\t\t\t<div class=\"elementor-image-gallery\">\n\t\t\t<div id='gallery-3' class='gallery galleryid-5703 gallery-columns-4 gallery-size-thumbnail'><figure class='gallery-item'>\n\t\t\t<div class='gallery-icon portrait'>\n\t\t\t\t<a data-elementor-open-lightbox=\"yes\" data-elementor-lightbox-slideshow=\"5202ff5\" data-elementor-lightbox-title=\"schleihs-putze_innen-002\" data-e-action-hash=\"#elementor-action%3Aaction%3Dlightbox%26settings%3DeyJpZCI6NTQxNiwidXJsIjoiaHR0cHM6XC9cL3d3dy5zY2hsZWlocy1zYS5jb21cL3dwLWNvbnRlbnRcL3VwbG9hZHNcLzIwMjRcLzA5XC9zY2hsZWlocy1wdXR6ZV9pbm5lbi0wMDIuanBnIiwic2xpZGVzaG93IjoiNTIwMmZmNSJ9\" href='https:\/\/www.schleihs-sa.com\/wp-content\/uploads\/2024\/09\/schleihs-putze_innen-002.jpg'><img loading=\"lazy\" decoding=\"async\" width=\"150\" height=\"150\" src=\"https:\/\/www.schleihs-sa.com\/wp-content\/uploads\/2024\/09\/schleihs-putze_innen-002-150x150.jpg\" class=\"attachment-thumbnail size-thumbnail\" alt=\"\" \/><\/a>\n\t\t\t<\/div><\/figure><figure class='gallery-item'>\n\t\t\t<div class='gallery-icon portrait'>\n\t\t\t\t<a data-elementor-open-lightbox=\"yes\" data-elementor-lightbox-slideshow=\"5202ff5\" data-elementor-lightbox-title=\"schleihs-putze_innen-003\" data-e-action-hash=\"#elementor-action%3Aaction%3Dlightbox%26settings%3DeyJpZCI6NTQxOSwidXJsIjoiaHR0cHM6XC9cL3d3dy5zY2hsZWlocy1zYS5jb21cL3dwLWNvbnRlbnRcL3VwbG9hZHNcLzIwMjRcLzA5XC9zY2hsZWlocy1wdXR6ZV9pbm5lbi0wMDMuanBnIiwic2xpZGVzaG93IjoiNTIwMmZmNSJ9\" href='https:\/\/www.schleihs-sa.com\/wp-content\/uploads\/2024\/09\/schleihs-putze_innen-003.jpg'><img loading=\"lazy\" decoding=\"async\" width=\"150\" height=\"150\" src=\"https:\/\/www.schleihs-sa.com\/wp-content\/uploads\/2024\/09\/schleihs-putze_innen-003-150x150.jpg\" class=\"attachment-thumbnail size-thumbnail\" alt=\"\" \/><\/a>\n\t\t\t<\/div><\/figure><figure class='gallery-item'>\n\t\t\t<div class='gallery-icon landscape'>\n\t\t\t\t<a data-elementor-open-lightbox=\"yes\" data-elementor-lightbox-slideshow=\"5202ff5\" data-elementor-lightbox-title=\"schleihs-putze_innen-004\" data-e-action-hash=\"#elementor-action%3Aaction%3Dlightbox%26settings%3DeyJpZCI6NTU2NSwidXJsIjoiaHR0cHM6XC9cL3d3dy5zY2hsZWlocy1zYS5jb21cL3dwLWNvbnRlbnRcL3VwbG9hZHNcLzIwMjRcLzA5XC9zY2hsZWlocy1wdXR6ZV9pbm5lbi0wMDQuanBnIiwic2xpZGVzaG93IjoiNTIwMmZmNSJ9\" href='https:\/\/www.schleihs-sa.com\/wp-content\/uploads\/2024\/09\/schleihs-putze_innen-004.jpg'><img loading=\"lazy\" decoding=\"async\" width=\"150\" height=\"150\" src=\"https:\/\/www.schleihs-sa.com\/wp-content\/uploads\/2024\/09\/schleihs-putze_innen-004-150x150.jpg\" class=\"attachment-thumbnail size-thumbnail\" alt=\"\" \/><\/a>\n\t\t\t<\/div><\/figure><figure class='gallery-item'>\n\t\t\t<div class='gallery-icon portrait'>\n\t\t\t\t<a data-elementor-open-lightbox=\"yes\" data-elementor-lightbox-slideshow=\"5202ff5\" data-elementor-lightbox-title=\"schleihs-putze_innen-005\" data-e-action-hash=\"#elementor-action%3Aaction%3Dlightbox%26settings%3DeyJpZCI6NTU2OCwidXJsIjoiaHR0cHM6XC9cL3d3dy5zY2hsZWlocy1zYS5jb21cL3dwLWNvbnRlbnRcL3VwbG9hZHNcLzIwMjRcLzA5XC9zY2hsZWlocy1wdXR6ZV9pbm5lbi0wMDUuanBnIiwic2xpZGVzaG93IjoiNTIwMmZmNSJ9\" href='https:\/\/www.schleihs-sa.com\/wp-content\/uploads\/2024\/09\/schleihs-putze_innen-005.jpg'><img loading=\"lazy\" decoding=\"async\" width=\"150\" height=\"150\" src=\"https:\/\/www.schleihs-sa.com\/wp-content\/uploads\/2024\/09\/schleihs-putze_innen-005-150x150.jpg\" class=\"attachment-thumbnail size-thumbnail\" alt=\"\" \/><\/a>\n\t\t\t<\/div><\/figure>\n\t\t<\/div>\n\t\t<\/div>\n\t\t\t\t<\/div>\n\t\t\t\t<\/div>\n\t\t\t\t\t<\/div>\n\t\t<\/div>\n\t\t\t\t\t<\/div>\n\t\t<\/section>\n\t\t\t\t<\/div>\n\t\t","protected":false},"excerpt":{"rendered":"<p>WAT MIR MAACHEN Isol\u00e9ierung Styropor ass eng klassesch Variant fir d&#8217;D\u00e4mme vun Haiser an huet gutt Eegenschaften, wat d&#8217;W\u00e4ermtd\u00e4mmung betr\u00ebfft. \u00a0Den D\u00e4mmstoff isol\u00e9iert dank senger Loftkummer gutt g\u00e9int Keelt an H\u00ebtzt an ass doduerch e bel\u00e9ift Material fir W\u00e4ermtd\u00e4mmverbundsystemer. Ausserdeem ass en einfach ze verschaffen an h\u00eblt n\u00ebmme w\u00e9ineg Fiichtegkeet op. D&#8217;Material ass liicht, wat&#8230;<\/p>\n","protected":false},"author":1,"featured_media":0,"parent":0,"menu_order":0,"comment_status":"closed","ping_status":"closed","template":"elementor_header_footer","meta":{"footnotes":""},"class_list":["post-5703","page","type-page","status-publish","hentry"],"_links":{"self":[{"href":"https:\/\/www.schleihs-sa.com\/lu\/wp-json\/wp\/v2\/pages\/5703"}],"collection":[{"href":"https:\/\/www.schleihs-sa.com\/lu\/wp-json\/wp\/v2\/pages"}],"about":[{"href":"https:\/\/www.schleihs-sa.com\/lu\/wp-json\/wp\/v2\/types\/page"}],"author":[{"embeddable":true,"href":"https:\/\/www.schleihs-sa.com\/lu\/wp-json\/wp\/v2\/users\/1"}],"replies":[{"embeddable":true,"href":"https:\/\/www.schleihs-sa.com\/lu\/wp-json\/wp\/v2\/comments?post=5703"}],"version-history":[{"count":7,"href":"https:\/\/www.schleihs-sa.com\/lu\/wp-json\/wp\/v2\/pages\/5703\/revisions"}],"predecessor-version":[{"id":5717,"href":"https:\/\/www.schleihs-sa.com\/lu\/wp-json\/wp\/v2\/pages\/5703\/revisions\/5717"}],"wp:attachment":[{"href":"https:\/\/www.schleihs-sa.com\/lu\/wp-json\/wp\/v2\/media?parent=5703"}],"curies":[{"name":"wp","href":"https:\/\/api.w.org\/{rel}","templated":true}]}}