{"id":5665,"date":"2024-04-24T13:25:46","date_gmt":"2024-04-24T11:25:46","guid":{"rendered":"https:\/\/dev.jardindigital.com\/www.schleihs-sa.com\/fassadenanstrich\/"},"modified":"2025-03-26T09:47:55","modified_gmt":"2025-03-26T08:47:55","slug":"fassadenustrach","status":"publish","type":"page","link":"https:\/\/www.schleihs-sa.com\/lu\/fassadenustrach\/","title":{"rendered":"Fassadenustrach"},"content":{"rendered":"\t\t<div data-elementor-type=\"wp-page\" data-elementor-id=\"5665\" class=\"elementor elementor-5665 elementor-4846\">\n\t\t\t\t\t\t<section class=\"elementor-section elementor-top-section elementor-element elementor-element-7e1b73d5 elementor-section-stretched elementor-section-boxed elementor-section-height-default elementor-section-height-default\" data-id=\"7e1b73d5\" data-element_type=\"section\" data-settings=\"{&quot;background_background&quot;:&quot;classic&quot;,&quot;stretch_section&quot;:&quot;section-stretched&quot;}\">\n\t\t\t\t\t\t\t<div class=\"elementor-background-overlay\"><\/div>\n\t\t\t\t\t\t\t<div class=\"elementor-container elementor-column-gap-default\">\n\t\t\t\t\t<div class=\"elementor-column elementor-col-50 elementor-top-column elementor-element elementor-element-4147d564\" data-id=\"4147d564\" data-element_type=\"column\">\n\t\t\t<div class=\"elementor-widget-wrap elementor-element-populated\">\n\t\t\t\t\t\t<div class=\"elementor-element elementor-element-2f5753b0 elementor-widget elementor-widget-rt-title\" data-id=\"2f5753b0\" data-element_type=\"widget\" data-widget_type=\"rt-title.default\">\n\t\t\t\t<div class=\"elementor-widget-container\">\n\t\t\t<div class=\"heading-default-layout heading-layout1new\">\t\t\t\r\n\t\t\t<div class=\"item-beforetitle item-subtitle\">WAT MIR MAACHEN<\/div>\t\t\r\n\t\t<h2 class=\"item-title\"> Verbotz- Spachtelaarbechten \/ W\u00ebschtechniken \/ Fassaden <\/h2>\r\n\t\t<\/div>\r\n\t\t<\/div>\n\t\t\t\t<\/div>\n\t\t\t\t<div class=\"elementor-element elementor-element-5b5d93f elementor-widget elementor-widget-text-editor\" data-id=\"5b5d93f\" data-element_type=\"widget\" data-widget_type=\"text-editor.default\">\n\t\t\t\t<div class=\"elementor-widget-container\">\n\t\t\t\t\t\t\t<p>Beim Verbotze muss een op vill Saachen oppasse fir e proppert an impeccabelt Resultat, schliisslech ass de Botz d\u00e9i lescht a siichtbar Schicht, also eng Zort Visittekaart vun eisem Handwierk.<\/p><p>D\u00ebst h\u00e9ichw\u00e4ertegt Handwierk k\u00ebnnt Dir hei bei eisen Aarbechte bewonneren.<\/p>\t\t\t\t\t\t<\/div>\n\t\t\t\t<\/div>\n\t\t\t\t<div class=\"elementor-element elementor-element-e531135 elementor-widget elementor-widget-spacer\" data-id=\"e531135\" data-element_type=\"widget\" data-widget_type=\"spacer.default\">\n\t\t\t\t<div class=\"elementor-widget-container\">\n\t\t\t\t\t<div class=\"elementor-spacer\">\n\t\t\t<div class=\"elementor-spacer-inner\"><\/div>\n\t\t<\/div>\n\t\t\t\t<\/div>\n\t\t\t\t<\/div>\n\t\t\t\t<div class=\"elementor-element elementor-element-bea828d elementor-widget elementor-widget-heading\" data-id=\"bea828d\" data-element_type=\"widget\" data-widget_type=\"heading.default\">\n\t\t\t\t<div class=\"elementor-widget-container\">\n\t\t\t<h2 class=\"elementor-heading-title elementor-size-default\">*Gesch\u00e9ck *Gedold * richtegt Geschier*<\/h2>\t\t<\/div>\n\t\t\t\t<\/div>\n\t\t\t\t\t<\/div>\n\t\t<\/div>\n\t\t\t\t<div class=\"elementor-column elementor-col-50 elementor-top-column elementor-element elementor-element-7476494 elementor-invisible\" data-id=\"7476494\" data-element_type=\"column\" data-settings=\"{&quot;animation&quot;:&quot;fadeInRight&quot;}\">\n\t\t\t<div class=\"elementor-widget-wrap elementor-element-populated\">\n\t\t\t\t\t\t<div class=\"elementor-element elementor-element-1ee41d0c elementor-widget elementor-widget-image\" data-id=\"1ee41d0c\" data-element_type=\"widget\" data-widget_type=\"image.default\">\n\t\t\t\t<div class=\"elementor-widget-container\">\n\t\t\t\t\t\t\t\t\t\t\t\t\t<img fetchpriority=\"high\" decoding=\"async\" width=\"1200\" height=\"801\" src=\"https:\/\/www.schleihs-sa.com\/wp-content\/uploads\/2024\/05\/schleihs-fassadenanstrich-verputz-spachtelarbeiten-wischtechniken-fassaden.jpg\" class=\"attachment-full size-full wp-image-4903\" alt=\"\" srcset=\"https:\/\/www.schleihs-sa.com\/wp-content\/uploads\/2024\/05\/schleihs-fassadenanstrich-verputz-spachtelarbeiten-wischtechniken-fassaden.jpg 1200w, https:\/\/www.schleihs-sa.com\/wp-content\/uploads\/2024\/05\/schleihs-fassadenanstrich-verputz-spachtelarbeiten-wischtechniken-fassaden-300x200.jpg 300w, https:\/\/www.schleihs-sa.com\/wp-content\/uploads\/2024\/05\/schleihs-fassadenanstrich-verputz-spachtelarbeiten-wischtechniken-fassaden-1024x684.jpg 1024w\" sizes=\"(max-width: 1200px) 100vw, 1200px\" \/>\t\t\t\t\t\t\t\t\t\t\t\t\t<\/div>\n\t\t\t\t<\/div>\n\t\t\t\t\t<\/div>\n\t\t<\/div>\n\t\t\t\t\t<\/div>\n\t\t<\/section>\n\t\t\t\t<section class=\"elementor-section elementor-top-section elementor-element elementor-element-92dee5c elementor-section-stretched elementor-section-boxed elementor-section-height-default elementor-section-height-default\" data-id=\"92dee5c\" data-element_type=\"section\" data-settings=\"{&quot;stretch_section&quot;:&quot;section-stretched&quot;,&quot;background_background&quot;:&quot;classic&quot;}\">\n\t\t\t\t\t\t<div class=\"elementor-container elementor-column-gap-default\">\n\t\t\t\t\t<div class=\"elementor-column elementor-col-50 elementor-top-column elementor-element elementor-element-dc787fa\" data-id=\"dc787fa\" data-element_type=\"column\">\n\t\t\t<div class=\"elementor-widget-wrap elementor-element-populated\">\n\t\t\t\t\t\t<div class=\"elementor-element elementor-element-70cfd27 elementor-widget elementor-widget-rt-title\" data-id=\"70cfd27\" data-element_type=\"widget\" data-widget_type=\"rt-title.default\">\n\t\t\t\t<div class=\"elementor-widget-container\">\n\t\t\t<div class=\"heading-default-layout heading-layout1new\">\t\t\t\r\n\t\t\t<div class=\"item-beforetitle item-subtitle\">D\u00c9I J\u00c9NGST PROJETEN<\/div>\t\t\r\n\t\t<h2 class=\"item-title\"> Kuckt Iech eis <br>\nNeist Aarbechten un <\/h2>\r\n\t\t<\/div>\r\n\t\t<\/div>\n\t\t\t\t<\/div>\n\t\t\t\t\t<\/div>\n\t\t<\/div>\n\t\t\t\t<div class=\"elementor-column elementor-col-50 elementor-top-column elementor-element elementor-element-c398ead\" data-id=\"c398ead\" data-element_type=\"column\">\n\t\t\t<div class=\"elementor-widget-wrap elementor-element-populated\">\n\t\t\t\t\t\t<div class=\"elementor-element elementor-element-a3cbcc2 elementor-widget elementor-widget-rt-title\" data-id=\"a3cbcc2\" data-element_type=\"widget\" data-widget_type=\"rt-title.default\">\n\t\t\t\t<div class=\"elementor-widget-container\">\n\t\t\t<div class=\"heading-default-layout heading-layout1\">\t\t\t\r\n\t\t<h2 class=\"item-title\">  <\/h2>\r\n\t\t\t\t<p class=\"section-subtitle\">D'Qualit\u00e9it vun den Aarbechten entspr\u00e9cht den h\u00e9chste Standarden. Hanner all Detail stieche Suergfalt a Prezisioun. Mir si Meeschter an eisem Fach a sti fir impeccabel Resultater an zefridde Clienten.<\/p>\r\n\t<\/div>\r\n\t\t<\/div>\n\t\t\t\t<\/div>\n\t\t\t\t<div class=\"elementor-element elementor-element-627f062 elementor-widget elementor-widget-rt-title\" data-id=\"627f062\" data-element_type=\"widget\" data-widget_type=\"rt-title.default\">\n\t\t\t\t<div class=\"elementor-widget-container\">\n\t\t\t<div class=\"heading-default-layout heading-layout1\">\t\t\t\r\n\t\t<h2 class=\"item-title\"> Virun - no <\/h2>\r\n\t\t<\/div>\r\n\t\t<\/div>\n\t\t\t\t<\/div>\n\t\t\t\t<div class=\"elementor-element elementor-element-989147c elementor-widget elementor-widget-image-gallery\" data-id=\"989147c\" data-element_type=\"widget\" data-widget_type=\"image-gallery.default\">\n\t\t\t\t<div class=\"elementor-widget-container\">\n\t\t\t\t\t<div class=\"elementor-image-gallery\">\n\t\t\t<div id='gallery-1' class='gallery galleryid-5665 gallery-columns-4 gallery-size-thumbnail'><figure class='gallery-item'>\n\t\t\t<div class='gallery-icon landscape'>\n\t\t\t\t<a data-elementor-open-lightbox=\"yes\" data-elementor-lightbox-slideshow=\"989147c\" data-elementor-lightbox-title=\"schleihs-fassadenanstrich-2025-03-001\" data-e-action-hash=\"#elementor-action%3Aaction%3Dlightbox%26settings%3DeyJpZCI6NTk1OSwidXJsIjoiaHR0cHM6XC9cL3d3dy5zY2hsZWlocy1zYS5jb21cL3dwLWNvbnRlbnRcL3VwbG9hZHNcLzIwMjVcLzAzXC9zY2hsZWlocy1mYXNzYWRlbmFuc3RyaWNoLTIwMjUtMDMtMDAxLmpwZyIsInNsaWRlc2hvdyI6Ijk4OTE0N2MifQ%3D%3D\" href='https:\/\/www.schleihs-sa.com\/wp-content\/uploads\/2025\/03\/schleihs-fassadenanstrich-2025-03-001.jpg'><img decoding=\"async\" width=\"150\" height=\"150\" src=\"https:\/\/www.schleihs-sa.com\/wp-content\/uploads\/2025\/03\/schleihs-fassadenanstrich-2025-03-001-150x150.jpg\" class=\"attachment-thumbnail size-thumbnail\" alt=\"\" aria-describedby=\"gallery-1-5959\" \/><\/a>\n\t\t\t<\/div>\n\t\t\t\t<figcaption class='wp-caption-text gallery-caption' id='gallery-1-5959'>\n\t\t\t\tVirun\n\t\t\t\t<\/figcaption><\/figure><figure class='gallery-item'>\n\t\t\t<div class='gallery-icon landscape'>\n\t\t\t\t<a data-elementor-open-lightbox=\"yes\" data-elementor-lightbox-slideshow=\"989147c\" data-elementor-lightbox-title=\"schleihs-fassadenanstrich-2025-03-002\" data-e-action-hash=\"#elementor-action%3Aaction%3Dlightbox%26settings%3DeyJpZCI6NTk2MiwidXJsIjoiaHR0cHM6XC9cL3d3dy5zY2hsZWlocy1zYS5jb21cL3dwLWNvbnRlbnRcL3VwbG9hZHNcLzIwMjVcLzAzXC9zY2hsZWlocy1mYXNzYWRlbmFuc3RyaWNoLTIwMjUtMDMtMDAyLmpwZyIsInNsaWRlc2hvdyI6Ijk4OTE0N2MifQ%3D%3D\" href='https:\/\/www.schleihs-sa.com\/wp-content\/uploads\/2025\/03\/schleihs-fassadenanstrich-2025-03-002.jpg'><img decoding=\"async\" width=\"150\" height=\"150\" src=\"https:\/\/www.schleihs-sa.com\/wp-content\/uploads\/2025\/03\/schleihs-fassadenanstrich-2025-03-002-150x150.jpg\" class=\"attachment-thumbnail size-thumbnail\" alt=\"\" aria-describedby=\"gallery-1-5962\" \/><\/a>\n\t\t\t<\/div>\n\t\t\t\t<figcaption class='wp-caption-text gallery-caption' id='gallery-1-5962'>\n\t\t\t\tVirun\n\t\t\t\t<\/figcaption><\/figure><figure class='gallery-item'>\n\t\t\t<div class='gallery-icon landscape'>\n\t\t\t\t<a data-elementor-open-lightbox=\"yes\" data-elementor-lightbox-slideshow=\"989147c\" data-elementor-lightbox-title=\"schleihs-fassadenanstrich-2025-03-003\" data-e-action-hash=\"#elementor-action%3Aaction%3Dlightbox%26settings%3DeyJpZCI6NTk2NSwidXJsIjoiaHR0cHM6XC9cL3d3dy5zY2hsZWlocy1zYS5jb21cL3dwLWNvbnRlbnRcL3VwbG9hZHNcLzIwMjVcLzAzXC9zY2hsZWlocy1mYXNzYWRlbmFuc3RyaWNoLTIwMjUtMDMtMDAzLmpwZyIsInNsaWRlc2hvdyI6Ijk4OTE0N2MifQ%3D%3D\" href='https:\/\/www.schleihs-sa.com\/wp-content\/uploads\/2025\/03\/schleihs-fassadenanstrich-2025-03-003.jpg'><img loading=\"lazy\" decoding=\"async\" width=\"150\" height=\"150\" src=\"https:\/\/www.schleihs-sa.com\/wp-content\/uploads\/2025\/03\/schleihs-fassadenanstrich-2025-03-003-150x150.jpg\" class=\"attachment-thumbnail size-thumbnail\" alt=\"\" aria-describedby=\"gallery-1-5965\" \/><\/a>\n\t\t\t<\/div>\n\t\t\t\t<figcaption class='wp-caption-text gallery-caption' id='gallery-1-5965'>\n\t\t\t\tVirun\n\t\t\t\t<\/figcaption><\/figure><figure class='gallery-item'>\n\t\t\t<div class='gallery-icon landscape'>\n\t\t\t\t<a data-elementor-open-lightbox=\"yes\" data-elementor-lightbox-slideshow=\"989147c\" data-elementor-lightbox-title=\"schleihs-fassadenanstrich-2025-03-004\" data-e-action-hash=\"#elementor-action%3Aaction%3Dlightbox%26settings%3DeyJpZCI6NTk2OCwidXJsIjoiaHR0cHM6XC9cL3d3dy5zY2hsZWlocy1zYS5jb21cL3dwLWNvbnRlbnRcL3VwbG9hZHNcLzIwMjVcLzAzXC9zY2hsZWlocy1mYXNzYWRlbmFuc3RyaWNoLTIwMjUtMDMtMDA0LmpwZyIsInNsaWRlc2hvdyI6Ijk4OTE0N2MifQ%3D%3D\" href='https:\/\/www.schleihs-sa.com\/wp-content\/uploads\/2025\/03\/schleihs-fassadenanstrich-2025-03-004.jpg'><img loading=\"lazy\" decoding=\"async\" width=\"150\" height=\"150\" src=\"https:\/\/www.schleihs-sa.com\/wp-content\/uploads\/2025\/03\/schleihs-fassadenanstrich-2025-03-004-150x150.jpg\" class=\"attachment-thumbnail size-thumbnail\" alt=\"\" aria-describedby=\"gallery-1-5968\" \/><\/a>\n\t\t\t<\/div>\n\t\t\t\t<figcaption class='wp-caption-text gallery-caption' id='gallery-1-5968'>\n\t\t\t\tNo\n\t\t\t\t<\/figcaption><\/figure><figure class='gallery-item'>\n\t\t\t<div class='gallery-icon landscape'>\n\t\t\t\t<a data-elementor-open-lightbox=\"yes\" data-elementor-lightbox-slideshow=\"989147c\" data-elementor-lightbox-title=\"schleihs-fassadenanstrich-2025-03-005\" data-e-action-hash=\"#elementor-action%3Aaction%3Dlightbox%26settings%3DeyJpZCI6NTk3MSwidXJsIjoiaHR0cHM6XC9cL3d3dy5zY2hsZWlocy1zYS5jb21cL3dwLWNvbnRlbnRcL3VwbG9hZHNcLzIwMjVcLzAzXC9zY2hsZWlocy1mYXNzYWRlbmFuc3RyaWNoLTIwMjUtMDMtMDA1LmpwZyIsInNsaWRlc2hvdyI6Ijk4OTE0N2MifQ%3D%3D\" href='https:\/\/www.schleihs-sa.com\/wp-content\/uploads\/2025\/03\/schleihs-fassadenanstrich-2025-03-005.jpg'><img loading=\"lazy\" decoding=\"async\" width=\"150\" height=\"150\" src=\"https:\/\/www.schleihs-sa.com\/wp-content\/uploads\/2025\/03\/schleihs-fassadenanstrich-2025-03-005-150x150.jpg\" class=\"attachment-thumbnail size-thumbnail\" alt=\"\" aria-describedby=\"gallery-1-5971\" \/><\/a>\n\t\t\t<\/div>\n\t\t\t\t<figcaption class='wp-caption-text gallery-caption' id='gallery-1-5971'>\n\t\t\t\tNo\n\t\t\t\t<\/figcaption><\/figure><figure class='gallery-item'>\n\t\t\t<div class='gallery-icon landscape'>\n\t\t\t\t<a data-elementor-open-lightbox=\"yes\" data-elementor-lightbox-slideshow=\"989147c\" data-elementor-lightbox-title=\"schleihs-fassadenanstrich-2025-03-006\" data-e-action-hash=\"#elementor-action%3Aaction%3Dlightbox%26settings%3DeyJpZCI6NTk3NCwidXJsIjoiaHR0cHM6XC9cL3d3dy5zY2hsZWlocy1zYS5jb21cL3dwLWNvbnRlbnRcL3VwbG9hZHNcLzIwMjVcLzAzXC9zY2hsZWlocy1mYXNzYWRlbmFuc3RyaWNoLTIwMjUtMDMtMDA2LmpwZyIsInNsaWRlc2hvdyI6Ijk4OTE0N2MifQ%3D%3D\" href='https:\/\/www.schleihs-sa.com\/wp-content\/uploads\/2025\/03\/schleihs-fassadenanstrich-2025-03-006.jpg'><img loading=\"lazy\" decoding=\"async\" width=\"150\" height=\"150\" src=\"https:\/\/www.schleihs-sa.com\/wp-content\/uploads\/2025\/03\/schleihs-fassadenanstrich-2025-03-006-150x150.jpg\" class=\"attachment-thumbnail size-thumbnail\" alt=\"\" aria-describedby=\"gallery-1-5974\" \/><\/a>\n\t\t\t<\/div>\n\t\t\t\t<figcaption class='wp-caption-text gallery-caption' id='gallery-1-5974'>\n\t\t\t\tNo\n\t\t\t\t<\/figcaption><\/figure><figure class='gallery-item'>\n\t\t\t<div class='gallery-icon landscape'>\n\t\t\t\t<a data-elementor-open-lightbox=\"yes\" data-elementor-lightbox-slideshow=\"989147c\" data-elementor-lightbox-title=\"schleihs-fassadenanstrich-2025-03-007\" data-e-action-hash=\"#elementor-action%3Aaction%3Dlightbox%26settings%3DeyJpZCI6NTk3NywidXJsIjoiaHR0cHM6XC9cL3d3dy5zY2hsZWlocy1zYS5jb21cL3dwLWNvbnRlbnRcL3VwbG9hZHNcLzIwMjVcLzAzXC9zY2hsZWlocy1mYXNzYWRlbmFuc3RyaWNoLTIwMjUtMDMtMDA3LmpwZyIsInNsaWRlc2hvdyI6Ijk4OTE0N2MifQ%3D%3D\" href='https:\/\/www.schleihs-sa.com\/wp-content\/uploads\/2025\/03\/schleihs-fassadenanstrich-2025-03-007.jpg'><img loading=\"lazy\" decoding=\"async\" width=\"150\" height=\"150\" src=\"https:\/\/www.schleihs-sa.com\/wp-content\/uploads\/2025\/03\/schleihs-fassadenanstrich-2025-03-007-150x150.jpg\" class=\"attachment-thumbnail size-thumbnail\" alt=\"\" aria-describedby=\"gallery-1-5977\" \/><\/a>\n\t\t\t<\/div>\n\t\t\t\t<figcaption class='wp-caption-text gallery-caption' id='gallery-1-5977'>\n\t\t\t\tNo\n\t\t\t\t<\/figcaption><\/figure><figure class='gallery-item'>\n\t\t\t<div class='gallery-icon landscape'>\n\t\t\t\t<a data-elementor-open-lightbox=\"yes\" data-elementor-lightbox-slideshow=\"989147c\" data-elementor-lightbox-title=\"schleihs-fassadenanstrich-2025-03-008\" data-e-action-hash=\"#elementor-action%3Aaction%3Dlightbox%26settings%3DeyJpZCI6NTk4MCwidXJsIjoiaHR0cHM6XC9cL3d3dy5zY2hsZWlocy1zYS5jb21cL3dwLWNvbnRlbnRcL3VwbG9hZHNcLzIwMjVcLzAzXC9zY2hsZWlocy1mYXNzYWRlbmFuc3RyaWNoLTIwMjUtMDMtMDA4LmpwZyIsInNsaWRlc2hvdyI6Ijk4OTE0N2MifQ%3D%3D\" href='https:\/\/www.schleihs-sa.com\/wp-content\/uploads\/2025\/03\/schleihs-fassadenanstrich-2025-03-008.jpg'><img loading=\"lazy\" decoding=\"async\" width=\"150\" height=\"150\" src=\"https:\/\/www.schleihs-sa.com\/wp-content\/uploads\/2025\/03\/schleihs-fassadenanstrich-2025-03-008-150x150.jpg\" class=\"attachment-thumbnail size-thumbnail\" alt=\"\" aria-describedby=\"gallery-1-5980\" \/><\/a>\n\t\t\t<\/div>\n\t\t\t\t<figcaption class='wp-caption-text gallery-caption' id='gallery-1-5980'>\n\t\t\t\tNo\n\t\t\t\t<\/figcaption><\/figure>\n\t\t<\/div>\n\t\t<\/div>\n\t\t\t\t<\/div>\n\t\t\t\t<\/div>\n\t\t\t\t<div class=\"elementor-element elementor-element-ecdeeab elementor-widget elementor-widget-spacer\" data-id=\"ecdeeab\" data-element_type=\"widget\" data-widget_type=\"spacer.default\">\n\t\t\t\t<div class=\"elementor-widget-container\">\n\t\t\t\t\t<div class=\"elementor-spacer\">\n\t\t\t<div class=\"elementor-spacer-inner\"><\/div>\n\t\t<\/div>\n\t\t\t\t<\/div>\n\t\t\t\t<\/div>\n\t\t\t\t<div class=\"elementor-element elementor-element-da8cba2 elementor-widget elementor-widget-image-gallery\" data-id=\"da8cba2\" data-element_type=\"widget\" data-widget_type=\"image-gallery.default\">\n\t\t\t\t<div class=\"elementor-widget-container\">\n\t\t\t\t\t<div class=\"elementor-image-gallery\">\n\t\t\t<div id='gallery-2' class='gallery galleryid-5665 gallery-columns-4 gallery-size-thumbnail'><figure class='gallery-item'>\n\t\t\t<div class='gallery-icon landscape'>\n\t\t\t\t<a data-elementor-open-lightbox=\"yes\" data-elementor-lightbox-slideshow=\"da8cba2\" data-elementor-lightbox-title=\"schleihs-fassadenanstrich-001\" data-e-action-hash=\"#elementor-action%3Aaction%3Dlightbox%26settings%3DeyJpZCI6NTQ0MSwidXJsIjoiaHR0cHM6XC9cL3d3dy5zY2hsZWlocy1zYS5jb21cL3dwLWNvbnRlbnRcL3VwbG9hZHNcLzIwMjRcLzA5XC9zY2hsZWlocy1mYXNzYWRlbmFuc3RyaWNoLTAwMS5qcGciLCJzbGlkZXNob3ciOiJkYThjYmEyIn0%3D\" href='https:\/\/www.schleihs-sa.com\/wp-content\/uploads\/2024\/09\/schleihs-fassadenanstrich-001.jpg'><img loading=\"lazy\" decoding=\"async\" width=\"150\" height=\"150\" src=\"https:\/\/www.schleihs-sa.com\/wp-content\/uploads\/2024\/09\/schleihs-fassadenanstrich-001-150x150.jpg\" class=\"attachment-thumbnail size-thumbnail\" alt=\"\" \/><\/a>\n\t\t\t<\/div><\/figure><figure class='gallery-item'>\n\t\t\t<div class='gallery-icon landscape'>\n\t\t\t\t<a data-elementor-open-lightbox=\"yes\" data-elementor-lightbox-slideshow=\"da8cba2\" data-elementor-lightbox-title=\"schleihs-fassadenanstrich-002\" data-e-action-hash=\"#elementor-action%3Aaction%3Dlightbox%26settings%3DeyJpZCI6NTQ0NCwidXJsIjoiaHR0cHM6XC9cL3d3dy5zY2hsZWlocy1zYS5jb21cL3dwLWNvbnRlbnRcL3VwbG9hZHNcLzIwMjRcLzA5XC9zY2hsZWlocy1mYXNzYWRlbmFuc3RyaWNoLTAwMi5qcGciLCJzbGlkZXNob3ciOiJkYThjYmEyIn0%3D\" href='https:\/\/www.schleihs-sa.com\/wp-content\/uploads\/2024\/09\/schleihs-fassadenanstrich-002.jpg'><img loading=\"lazy\" decoding=\"async\" width=\"150\" height=\"150\" src=\"https:\/\/www.schleihs-sa.com\/wp-content\/uploads\/2024\/09\/schleihs-fassadenanstrich-002-150x150.jpg\" class=\"attachment-thumbnail size-thumbnail\" alt=\"\" \/><\/a>\n\t\t\t<\/div><\/figure>\n\t\t<\/div>\n\t\t<\/div>\n\t\t\t\t<\/div>\n\t\t\t\t<\/div>\n\t\t\t\t\t<\/div>\n\t\t<\/div>\n\t\t\t\t\t<\/div>\n\t\t<\/section>\n\t\t\t\t<\/div>\n\t\t","protected":false},"excerpt":{"rendered":"<p>WAT MIR MAACHEN Verbotz- Spachtelaarbechten \/ W\u00ebschtechniken \/ Fassaden Beim Verbotze muss een op vill Saachen oppasse fir e proppert an impeccabelt Resultat, schliisslech ass de Botz d\u00e9i lescht a siichtbar Schicht, also eng Zort Visittekaart vun eisem Handwierk. D\u00ebst h\u00e9ichw\u00e4ertegt Handwierk k\u00ebnnt Dir hei bei eisen Aarbechte bewonneren. *Gesch\u00e9ck *Gedold * richtegt Geschier* D\u00c9I&#8230;<\/p>\n","protected":false},"author":1,"featured_media":0,"parent":0,"menu_order":0,"comment_status":"closed","ping_status":"closed","template":"elementor_header_footer","meta":{"footnotes":""},"class_list":["post-5665","page","type-page","status-publish","hentry"],"_links":{"self":[{"href":"https:\/\/www.schleihs-sa.com\/lu\/wp-json\/wp\/v2\/pages\/5665"}],"collection":[{"href":"https:\/\/www.schleihs-sa.com\/lu\/wp-json\/wp\/v2\/pages"}],"about":[{"href":"https:\/\/www.schleihs-sa.com\/lu\/wp-json\/wp\/v2\/types\/page"}],"author":[{"embeddable":true,"href":"https:\/\/www.schleihs-sa.com\/lu\/wp-json\/wp\/v2\/users\/1"}],"replies":[{"embeddable":true,"href":"https:\/\/www.schleihs-sa.com\/lu\/wp-json\/wp\/v2\/comments?post=5665"}],"version-history":[{"count":10,"href":"https:\/\/www.schleihs-sa.com\/lu\/wp-json\/wp\/v2\/pages\/5665\/revisions"}],"predecessor-version":[{"id":5996,"href":"https:\/\/www.schleihs-sa.com\/lu\/wp-json\/wp\/v2\/pages\/5665\/revisions\/5996"}],"wp:attachment":[{"href":"https:\/\/www.schleihs-sa.com\/lu\/wp-json\/wp\/v2\/media?parent=5665"}],"curies":[{"name":"wp","href":"https:\/\/api.w.org\/{rel}","templated":true}]}}