{"id":5812,"date":"2024-04-24T10:35:32","date_gmt":"2024-04-24T08:35:32","guid":{"rendered":"https:\/\/dev.jardindigital.com\/www.schleihs-sa.com\/kontakt\/"},"modified":"2024-10-02T12:53:51","modified_gmt":"2024-10-02T10:53:51","slug":"contact","status":"publish","type":"page","link":"https:\/\/www.schleihs-sa.com\/fr\/contact\/","title":{"rendered":"Contact"},"content":{"rendered":"\t\t<div data-elementor-type=\"wp-page\" data-elementor-id=\"5812\" class=\"elementor elementor-5812 elementor-4797\">\n\t\t\t\t\t\t<section class=\"elementor-section elementor-top-section elementor-element elementor-element-6eb7de3 elementor-section-boxed elementor-section-height-default elementor-section-height-default\" data-id=\"6eb7de3\" data-element_type=\"section\" data-settings=\"{&quot;background_background&quot;:&quot;classic&quot;}\">\n\t\t\t\t\t\t<div class=\"elementor-container elementor-column-gap-extended\">\n\t\t\t\t\t<div class=\"elementor-column elementor-col-25 elementor-top-column elementor-element elementor-element-6c13dc4\" data-id=\"6c13dc4\" data-element_type=\"column\">\n\t\t\t<div class=\"elementor-widget-wrap elementor-element-populated\">\n\t\t\t\t\t\t<div class=\"elementor-element elementor-element-bfaf796 elementor-widget elementor-widget-text-editor\" data-id=\"bfaf796\" data-element_type=\"widget\" data-widget_type=\"text-editor.default\">\n\t\t\t\t<div class=\"elementor-widget-container\">\n\t\t\t\t\t\t\t<p><img fetchpriority=\"high\" decoding=\"async\" class=\"size-medium wp-image-5888 aligncenter\" src=\"https:\/\/www.schleihs-sa.com\/wp-content\/uploads\/2024\/10\/schleihs-malerarbeiten_roland-keller-200x300.jpg\" alt=\"\" width=\"200\" height=\"300\" srcset=\"https:\/\/www.schleihs-sa.com\/wp-content\/uploads\/2024\/10\/schleihs-malerarbeiten_roland-keller-200x300.jpg 200w, https:\/\/www.schleihs-sa.com\/wp-content\/uploads\/2024\/10\/schleihs-malerarbeiten_roland-keller-684x1024.jpg 684w, https:\/\/www.schleihs-sa.com\/wp-content\/uploads\/2024\/10\/schleihs-malerarbeiten_roland-keller-768x1151.jpg 768w, https:\/\/www.schleihs-sa.com\/wp-content\/uploads\/2024\/10\/schleihs-malerarbeiten_roland-keller.jpg 801w\" sizes=\"(max-width: 200px) 100vw, 200px\" \/><\/p><p style=\"text-align: center;\"><strong>Roland Keller<\/strong><br \/>G\u00e9rant<\/p>\t\t\t\t\t\t<\/div>\n\t\t\t\t<\/div>\n\t\t\t\t<div class=\"elementor-element elementor-element-cafb655 elementor-widget-divider--view-line elementor-widget elementor-widget-divider\" data-id=\"cafb655\" data-element_type=\"widget\" data-widget_type=\"divider.default\">\n\t\t\t\t<div class=\"elementor-widget-container\">\n\t\t\t\t\t<div class=\"elementor-divider\">\n\t\t\t<span class=\"elementor-divider-separator\">\n\t\t\t\t\t\t<\/span>\n\t\t<\/div>\n\t\t\t\t<\/div>\n\t\t\t\t<\/div>\n\t\t\t\t<div class=\"elementor-element elementor-element-c108860 elementor-widget elementor-widget-text-editor\" data-id=\"c108860\" data-element_type=\"widget\" data-widget_type=\"text-editor.default\">\n\t\t\t\t<div class=\"elementor-widget-container\">\n\t\t\t\t\t\t\t<p style=\"text-align: center;\">Peinture Schleihs SA<br \/>KS Malerarbeiten<\/p>\t\t\t\t\t\t<\/div>\n\t\t\t\t<\/div>\n\t\t\t\t\t<\/div>\n\t\t<\/div>\n\t\t\t\t<div class=\"elementor-column elementor-col-25 elementor-top-column elementor-element elementor-element-a523cb1\" data-id=\"a523cb1\" data-element_type=\"column\">\n\t\t\t<div class=\"elementor-widget-wrap elementor-element-populated\">\n\t\t\t\t\t\t<div class=\"elementor-element elementor-element-62e6bfb elementor-widget elementor-widget-text-editor\" data-id=\"62e6bfb\" data-element_type=\"widget\" data-widget_type=\"text-editor.default\">\n\t\t\t\t<div class=\"elementor-widget-container\">\n\t\t\t\t\t\t\t<p><img decoding=\"async\" class=\"size-medium wp-image-5885 aligncenter\" src=\"https:\/\/www.schleihs-sa.com\/wp-content\/uploads\/2024\/10\/schleihs-malerarbeiten_bianca-elsen-200x300.jpg\" alt=\"\" width=\"200\" height=\"300\" srcset=\"https:\/\/www.schleihs-sa.com\/wp-content\/uploads\/2024\/10\/schleihs-malerarbeiten_bianca-elsen-200x300.jpg 200w, https:\/\/www.schleihs-sa.com\/wp-content\/uploads\/2024\/10\/schleihs-malerarbeiten_bianca-elsen-684x1024.jpg 684w, https:\/\/www.schleihs-sa.com\/wp-content\/uploads\/2024\/10\/schleihs-malerarbeiten_bianca-elsen-768x1151.jpg 768w, https:\/\/www.schleihs-sa.com\/wp-content\/uploads\/2024\/10\/schleihs-malerarbeiten_bianca-elsen.jpg 801w\" sizes=\"(max-width: 200px) 100vw, 200px\" \/><\/p><p style=\"text-align: center;\"><strong>Bianca Elsen<\/strong><br \/>Peinture Schleihs SA<\/p>\t\t\t\t\t\t<\/div>\n\t\t\t\t<\/div>\n\t\t\t\t<div class=\"elementor-element elementor-element-168a914 elementor-widget-divider--view-line elementor-widget elementor-widget-divider\" data-id=\"168a914\" data-element_type=\"widget\" data-widget_type=\"divider.default\">\n\t\t\t\t<div class=\"elementor-widget-container\">\n\t\t\t\t\t<div class=\"elementor-divider\">\n\t\t\t<span class=\"elementor-divider-separator\">\n\t\t\t\t\t\t<\/span>\n\t\t<\/div>\n\t\t\t\t<\/div>\n\t\t\t\t<\/div>\n\t\t\t\t<div class=\"elementor-element elementor-element-0bd2b1e elementor-widget elementor-widget-text-editor\" data-id=\"0bd2b1e\" data-element_type=\"widget\" data-widget_type=\"text-editor.default\">\n\t\t\t\t<div class=\"elementor-widget-container\">\n\t\t\t\t\t\t\t<p style=\"text-align: center;\">Responsable de la comptabilit\u00e9 au Luxembourg<\/p>\t\t\t\t\t\t<\/div>\n\t\t\t\t<\/div>\n\t\t\t\t\t<\/div>\n\t\t<\/div>\n\t\t\t\t<div class=\"elementor-column elementor-col-25 elementor-top-column elementor-element elementor-element-85ef20b\" data-id=\"85ef20b\" data-element_type=\"column\">\n\t\t\t<div class=\"elementor-widget-wrap elementor-element-populated\">\n\t\t\t\t\t\t<div class=\"elementor-element elementor-element-8d9f10b elementor-widget elementor-widget-text-editor\" data-id=\"8d9f10b\" data-element_type=\"widget\" data-widget_type=\"text-editor.default\">\n\t\t\t\t<div class=\"elementor-widget-container\">\n\t\t\t\t\t\t\t<p><img decoding=\"async\" class=\"size-medium wp-image-5891 aligncenter\" src=\"https:\/\/www.schleihs-sa.com\/wp-content\/uploads\/2024\/10\/schleihs-malerarbeiten_simone-keller-200x300.jpg\" alt=\"\" width=\"200\" height=\"300\" srcset=\"https:\/\/www.schleihs-sa.com\/wp-content\/uploads\/2024\/10\/schleihs-malerarbeiten_simone-keller-200x300.jpg 200w, https:\/\/www.schleihs-sa.com\/wp-content\/uploads\/2024\/10\/schleihs-malerarbeiten_simone-keller-684x1024.jpg 684w, https:\/\/www.schleihs-sa.com\/wp-content\/uploads\/2024\/10\/schleihs-malerarbeiten_simone-keller-768x1151.jpg 768w, https:\/\/www.schleihs-sa.com\/wp-content\/uploads\/2024\/10\/schleihs-malerarbeiten_simone-keller.jpg 801w\" sizes=\"(max-width: 200px) 100vw, 200px\" \/><\/p><p style=\"text-align: center;\"><strong>Simone Keller<\/strong><br \/>Peinture Schleihs SA<\/p>\t\t\t\t\t\t<\/div>\n\t\t\t\t<\/div>\n\t\t\t\t<div class=\"elementor-element elementor-element-9db74b1 elementor-widget-divider--view-line elementor-widget elementor-widget-divider\" data-id=\"9db74b1\" data-element_type=\"widget\" data-widget_type=\"divider.default\">\n\t\t\t\t<div class=\"elementor-widget-container\">\n\t\t\t\t\t<div class=\"elementor-divider\">\n\t\t\t<span class=\"elementor-divider-separator\">\n\t\t\t\t\t\t<\/span>\n\t\t<\/div>\n\t\t\t\t<\/div>\n\t\t\t\t<\/div>\n\t\t\t\t<div class=\"elementor-element elementor-element-7b310fd elementor-widget elementor-widget-text-editor\" data-id=\"7b310fd\" data-element_type=\"widget\" data-widget_type=\"text-editor.default\">\n\t\t\t\t<div class=\"elementor-widget-container\">\n\t\t\t\t\t\t\t<p style=\"text-align: center;\">Service \u00e0 la client\u00e8le et gestion des offres au Luxembourg<\/p>\t\t\t\t\t\t<\/div>\n\t\t\t\t<\/div>\n\t\t\t\t\t<\/div>\n\t\t<\/div>\n\t\t\t\t<div class=\"elementor-column elementor-col-25 elementor-top-column elementor-element elementor-element-510b85d\" data-id=\"510b85d\" data-element_type=\"column\">\n\t\t\t<div class=\"elementor-widget-wrap elementor-element-populated\">\n\t\t\t\t\t\t<div class=\"elementor-element elementor-element-2bcea42 elementor-widget elementor-widget-text-editor\" data-id=\"2bcea42\" data-element_type=\"widget\" data-widget_type=\"text-editor.default\">\n\t\t\t\t<div class=\"elementor-widget-container\">\n\t\t\t\t\t\t\t<p><img loading=\"lazy\" decoding=\"async\" class=\"size-medium wp-image-5918 aligncenter\" src=\"https:\/\/www.schleihs-sa.com\/wp-content\/uploads\/2024\/10\/schleihs-malerarbeiten_jan-keller-200x300.jpg\" alt=\"\" width=\"200\" height=\"300\" srcset=\"https:\/\/www.schleihs-sa.com\/wp-content\/uploads\/2024\/10\/schleihs-malerarbeiten_jan-keller-200x300.jpg 200w, https:\/\/www.schleihs-sa.com\/wp-content\/uploads\/2024\/10\/schleihs-malerarbeiten_jan-keller-684x1024.jpg 684w, https:\/\/www.schleihs-sa.com\/wp-content\/uploads\/2024\/10\/schleihs-malerarbeiten_jan-keller-768x1151.jpg 768w, https:\/\/www.schleihs-sa.com\/wp-content\/uploads\/2024\/10\/schleihs-malerarbeiten_jan-keller.jpg 801w\" sizes=\"(max-width: 200px) 100vw, 200px\" \/><\/p><p style=\"text-align: center;\"><strong>Jan Keller<\/strong><br \/>G\u00e9rant<\/p>\t\t\t\t\t\t<\/div>\n\t\t\t\t<\/div>\n\t\t\t\t<div class=\"elementor-element elementor-element-363b329 elementor-widget-divider--view-line elementor-widget elementor-widget-divider\" data-id=\"363b329\" data-element_type=\"widget\" data-widget_type=\"divider.default\">\n\t\t\t\t<div class=\"elementor-widget-container\">\n\t\t\t\t\t<div class=\"elementor-divider\">\n\t\t\t<span class=\"elementor-divider-separator\">\n\t\t\t\t\t\t<\/span>\n\t\t<\/div>\n\t\t\t\t<\/div>\n\t\t\t\t<\/div>\n\t\t\t\t<div class=\"elementor-element elementor-element-2eafec6 elementor-widget elementor-widget-text-editor\" data-id=\"2eafec6\" data-element_type=\"widget\" data-widget_type=\"text-editor.default\">\n\t\t\t\t<div class=\"elementor-widget-container\">\n\t\t\t\t\t\t\t<p style=\"text-align: center;\">Peinture Schleihs SA<br \/>KS Malerarbeiten<\/p>\t\t\t\t\t\t<\/div>\n\t\t\t\t<\/div>\n\t\t\t\t\t<\/div>\n\t\t<\/div>\n\t\t\t\t\t<\/div>\n\t\t<\/section>\n\t\t\t\t<section class=\"elementor-section elementor-top-section elementor-element elementor-element-e327091 elementor-section-boxed elementor-section-height-default elementor-section-height-default\" data-id=\"e327091\" data-element_type=\"section\" data-settings=\"{&quot;background_background&quot;:&quot;classic&quot;}\">\n\t\t\t\t\t\t<div class=\"elementor-container elementor-column-gap-extended\">\n\t\t\t\t\t<div class=\"elementor-column elementor-col-33 elementor-top-column elementor-element elementor-element-d546961\" data-id=\"d546961\" data-element_type=\"column\">\n\t\t\t<div class=\"elementor-widget-wrap elementor-element-populated\">\n\t\t\t\t\t\t<section class=\"elementor-section elementor-inner-section elementor-element elementor-element-8288cd6 elementor-section-boxed elementor-section-height-default elementor-section-height-default\" data-id=\"8288cd6\" data-element_type=\"section\">\n\t\t\t\t\t\t<div class=\"elementor-container elementor-column-gap-default\">\n\t\t\t\t\t<div class=\"elementor-column elementor-col-100 elementor-inner-column elementor-element elementor-element-2f5decf\" data-id=\"2f5decf\" data-element_type=\"column\" data-settings=\"{&quot;background_background&quot;:&quot;classic&quot;}\">\n\t\t\t<div class=\"elementor-widget-wrap elementor-element-populated\">\n\t\t\t\t\t\t<div class=\"elementor-element elementor-element-7a1201a elementor-widget elementor-widget-image\" data-id=\"7a1201a\" data-element_type=\"widget\" data-widget_type=\"image.default\">\n\t\t\t\t<div class=\"elementor-widget-container\">\n\t\t\t\t\t\t\t\t\t\t\t\t\t<img decoding=\"async\" src=\"https:\/\/www.schleihs-sa.com\/wp-content\/uploads\/elementor\/thumbs\/logo-360x121-2024-quo89ogikxtxkqnb97fzhn15ht8tc3onbmttthzede.png\" title=\"logo-360&#215;121-2024\" alt=\"logo-360x121-2024\" loading=\"lazy\" \/>\t\t\t\t\t\t\t\t\t\t\t\t\t<\/div>\n\t\t\t\t<\/div>\n\t\t\t\t<div class=\"elementor-element elementor-element-0d8254b elementor-widget-divider--view-line elementor-widget elementor-widget-divider\" data-id=\"0d8254b\" data-element_type=\"widget\" data-widget_type=\"divider.default\">\n\t\t\t\t<div class=\"elementor-widget-container\">\n\t\t\t\t\t<div class=\"elementor-divider\">\n\t\t\t<span class=\"elementor-divider-separator\">\n\t\t\t\t\t\t<\/span>\n\t\t<\/div>\n\t\t\t\t<\/div>\n\t\t\t\t<\/div>\n\t\t\t\t<div class=\"elementor-element elementor-element-3e4f749 elementor-widget elementor-widget-rt-title\" data-id=\"3e4f749\" data-element_type=\"widget\" data-widget_type=\"rt-title.default\">\n\t\t\t\t<div class=\"elementor-widget-container\">\n\t\t\t<div class=\"heading-default-layout heading-layout1new\">\t\t\t\r\n\t\t<h2 class=\"item-title\"> N\u2019h\u00e9sitez pas \u00e0 nous contacter ! <\/h2>\r\n\t\t\t\t<p class=\"section-subtitle\">\u00c9tablie depuis de longues ann\u00e9es dans la r\u00e9gion des trois fronti\u00e8res entre la Belgique, l\u2019Allemagne et le Luxembourg, et toujours tourn\u00e9e vers l\u2019avenir, notre entreprise mise sur l\u2019innovation et la qualit\u00e9.<\/p>\r\n\t<\/div>\r\n\t\t<\/div>\n\t\t\t\t<\/div>\n\t\t\t\t<div class=\"elementor-element elementor-element-72726c8 elementor-widget elementor-widget-rt-contact\" data-id=\"72726c8\" data-element_type=\"widget\" data-widget_type=\"rt-contact.default\">\n\t\t\t\t<div class=\"elementor-widget-container\">\n\t\t\t\r\n  \r\n      <div class=\"contact-box-layout15\">\r\n                   <div class=\"media\">\r\n              <div class=\"item-icon\">\r\n                  <i class=\"fas fa-map-marker-alt\"><\/i>\r\n              <\/div>\r\n              <div class=\"media-body space-md\">\r\n                  \r\n                                    <h3 class=\"item-label\">Adresse<\/h3>\r\n              \r\n                  <ul class=\"content-style\">\r\n                                  <li>76, Route d'Asselborn,<br> L - 9907 Troisvierges\n<\/li>\r\n                                              <\/ul>\r\n              <\/div>\r\n          <\/div>\r\n              <div class=\"media\">\r\n              <div class=\"item-icon\">\r\n                  <i class=\"far fa-envelope\"><\/i>\r\n              <\/div>\r\n              <div class=\"media-body space-md\">\r\n                              <h3 class=\"item-label\">E-Mail<\/h3>\r\n              \r\n             <ul class=\"content-style\">\r\n                                  <li>info@schleihs-sa.com<\/li>\r\n                                              <\/ul>\r\n              <\/div>\r\n          <\/div>\r\n          <div class=\"media\">\r\n              <div class=\"item-icon\">\r\n                  <i class=\"fas fa-phone-volume\"><\/i>\r\n              <\/div>\r\n              <div class=\"media-body space-md\">\r\n                                      <h3 class=\"item-label\">Telefon<\/h3>\r\n                                    <ul class=\"content-style\">\r\n                                  <li> +352 26 95 80 06<\/li>\r\n                                              <\/ul>\r\n              <\/div>\r\n          <\/div>\r\n      \r\n      <\/div>\r\n\t\t<\/div>\n\t\t\t\t<\/div>\n\t\t\t\t\t<\/div>\n\t\t<\/div>\n\t\t\t\t\t<\/div>\n\t\t<\/section>\n\t\t\t\t\t<\/div>\n\t\t<\/div>\n\t\t\t\t<div class=\"elementor-column elementor-col-33 elementor-top-column elementor-element elementor-element-525eb83\" data-id=\"525eb83\" data-element_type=\"column\">\n\t\t\t<div class=\"elementor-widget-wrap\">\n\t\t\t\t\t\t\t<\/div>\n\t\t<\/div>\n\t\t\t\t<div class=\"elementor-column elementor-col-33 elementor-top-column elementor-element elementor-element-e7e42f8\" data-id=\"e7e42f8\" data-element_type=\"column\">\n\t\t\t<div class=\"elementor-widget-wrap elementor-element-populated\">\n\t\t\t\t\t\t<section class=\"elementor-section elementor-inner-section elementor-element elementor-element-91e4f04 elementor-section-boxed elementor-section-height-default elementor-section-height-default\" data-id=\"91e4f04\" data-element_type=\"section\">\n\t\t\t\t\t\t<div class=\"elementor-container elementor-column-gap-default\">\n\t\t\t\t\t<div class=\"elementor-column elementor-col-100 elementor-inner-column elementor-element elementor-element-7110140\" data-id=\"7110140\" data-element_type=\"column\" data-settings=\"{&quot;background_background&quot;:&quot;classic&quot;}\">\n\t\t\t<div class=\"elementor-widget-wrap elementor-element-populated\">\n\t\t\t\t\t<div class=\"elementor-background-overlay\"><\/div>\n\t\t\t\t\t\t<div class=\"elementor-element elementor-element-5b17937 elementor-widget elementor-widget-rt-title\" data-id=\"5b17937\" data-element_type=\"widget\" data-widget_type=\"rt-title.default\">\n\t\t\t\t<div class=\"elementor-widget-container\">\n\t\t\t<div class=\"heading-default-layout heading-layout1new\">\t\t\t\r\n\t\t\t<div class=\"item-beforetitle item-subtitle\">Formulaire de demande<\/div>\t\t\r\n\t\t<h2 class=\"item-title\">  <\/h2>\r\n\t\t<\/div>\r\n\t\t<\/div>\n\t\t\t\t<\/div>\n\t\t\t\t<div class=\"elementor-element elementor-element-6b408c8 elementor-widget elementor-widget-shortcode\" data-id=\"6b408c8\" data-element_type=\"widget\" data-widget_type=\"shortcode.default\">\n\t\t\t\t<div class=\"elementor-widget-container\">\n\t\t\t\t\t<div class=\"elementor-shortcode\">\n<div class=\"wpcf7 no-js\" id=\"wpcf7-f5818-o1\" lang=\"fr-FR\" dir=\"ltr\">\n<div class=\"screen-reader-response\"><p role=\"status\" aria-live=\"polite\" aria-atomic=\"true\"><\/p> <ul><\/ul><\/div>\n<form action=\"\/fr\/wp-json\/wp\/v2\/pages\/5812#wpcf7-f5818-o1\" method=\"post\" class=\"wpcf7-form init\" aria-label=\"Contact form\" novalidate=\"novalidate\" data-status=\"init\">\n<div style=\"display: none;\">\n<input type=\"hidden\" name=\"_wpcf7\" value=\"5818\" \/>\n<input type=\"hidden\" name=\"_wpcf7_version\" value=\"5.9.8\" \/>\n<input type=\"hidden\" name=\"_wpcf7_locale\" value=\"fr_FR\" \/>\n<input type=\"hidden\" name=\"_wpcf7_unit_tag\" value=\"wpcf7-f5818-o1\" \/>\n<input type=\"hidden\" name=\"_wpcf7_container_post\" value=\"0\" \/>\n<input type=\"hidden\" name=\"_wpcf7_posted_data_hash\" value=\"\" \/>\n<input type=\"hidden\" name=\"_wpcf7_recaptcha_response\" value=\"\" \/>\n<\/div>\n<div class=\"widget-form\">\n\t<div class=\"contact-form-box\">\n\t\t<div class=\"row\">\n\t\t\t<div class=\"col-12 form-group\">\n\t\t\t\t<p><span class=\"wpcf7-form-control-wrap\" data-name=\"cname\"><input size=\"40\" maxlength=\"400\" class=\"wpcf7-form-control wpcf7-text wpcf7-validates-as-required form-control\" aria-required=\"true\" aria-invalid=\"false\" placeholder=\"Nom*\" value=\"\" type=\"text\" name=\"cname\" \/><\/span>\n\t\t\t\t<\/p>\n\t\t\t<\/div>\n\t\t\t<div class=\"col-12 form-group\">\n\t\t\t\t<p><span class=\"wpcf7-form-control-wrap\" data-name=\"demail\"><input size=\"40\" maxlength=\"400\" class=\"wpcf7-form-control wpcf7-email wpcf7-validates-as-required wpcf7-text wpcf7-validates-as-email form-control\" aria-required=\"true\" aria-invalid=\"false\" placeholder=\"E-mail*\" value=\"\" type=\"email\" name=\"demail\" \/><\/span>\n\t\t\t\t<\/p>\n\t\t\t<\/div>\n\t\t\t<div class=\"col-12 form-group\">\n\t\t\t\t<p><span class=\"wpcf7-form-control-wrap\" data-name=\"phone\"><input size=\"40\" maxlength=\"400\" class=\"wpcf7-form-control wpcf7-text wpcf7-validates-as-required form-control\" aria-required=\"true\" aria-invalid=\"false\" placeholder=\"T\u00e9l\u00e9phone*\" value=\"\" type=\"text\" name=\"phone\" \/><\/span>\n\t\t\t\t<\/p>\n\t\t\t<\/div>\n\t\t\t<div class=\"col-12 form-group\">\n\t\t\t\t<p><span class=\"wpcf7-form-control-wrap\" data-name=\"news\"><textarea cols=\"40\" rows=\"10\" maxlength=\"2000\" class=\"wpcf7-form-control wpcf7-textarea wpcf7-validates-as-required form-control\" aria-required=\"true\" aria-invalid=\"false\" placeholder=\"Votre message *\" name=\"news\"><\/textarea><\/span>\n\t\t\t\t<\/p>\n\t\t\t<\/div>\n\t\t\t<div class=\"col-12 form-group\">\n\t\t\t\t<p><input class=\"wpcf7-form-control wpcf7-submit has-spinner item-btn fw-btn-fill mg-t-10 bg-Primary text-textprimary disabled\" type=\"submit\" value=\"ENVOYER\" \/>\n\t\t\t\t<\/p>\n\t\t\t<\/div>\n\t\t<\/div>\n\t<\/div>\n<\/div><div class=\"wpcf7-response-output\" aria-hidden=\"true\"><\/div>\n<\/form>\n<\/div>\n<\/div>\n\t\t\t\t<\/div>\n\t\t\t\t<\/div>\n\t\t\t\t\t<\/div>\n\t\t<\/div>\n\t\t\t\t\t<\/div>\n\t\t<\/section>\n\t\t\t\t\t<\/div>\n\t\t<\/div>\n\t\t\t\t\t<\/div>\n\t\t<\/section>\n\t\t\t\t<section class=\"elementor-section elementor-top-section elementor-element elementor-element-0d90aed elementor-section-full_width elementor-section-height-default elementor-section-height-default\" data-id=\"0d90aed\" data-element_type=\"section\">\n\t\t\t\t\t\t<div class=\"elementor-container elementor-column-gap-no\">\n\t\t\t\t\t<div class=\"elementor-column elementor-col-100 elementor-top-column elementor-element elementor-element-d86e987\" data-id=\"d86e987\" data-element_type=\"column\">\n\t\t\t<div class=\"elementor-widget-wrap elementor-element-populated\">\n\t\t\t\t\t\t<div class=\"elementor-element elementor-element-baf978d elementor-widget elementor-widget-google_maps\" data-id=\"baf978d\" data-element_type=\"widget\" data-widget_type=\"google_maps.default\">\n\t\t\t\t<div class=\"elementor-widget-container\">\n\t\t\t\t\t<div class=\"elementor-custom-embed\">\n\t\t\t<iframe loading=\"lazy\"\n\t\t\t\t\tsrc=\"https:\/\/maps.google.com\/maps?q=Route%20d%27Asselborn%2C%2076%20%7C%20L%20-%209907%20Troisvierges&#038;t=m&#038;z=15&#038;output=embed&#038;iwloc=near\"\n\t\t\t\t\ttitle=\"Route d&#039;Asselborn, 76 | L - 9907 Troisvierges\"\n\t\t\t\t\taria-label=\"Route d&#039;Asselborn, 76 | L - 9907 Troisvierges\"\n\t\t\t><\/iframe>\n\t\t<\/div>\n\t\t\t\t<\/div>\n\t\t\t\t<\/div>\n\t\t\t\t\t<\/div>\n\t\t<\/div>\n\t\t\t\t\t<\/div>\n\t\t<\/section>\n\t\t\t\t<\/div>\n\t\t","protected":false},"excerpt":{"rendered":"<p>Roland KellerG\u00e9rant Peinture Schleihs SAKS Malerarbeiten Bianca ElsenPeinture Schleihs SA Responsable de la comptabilit\u00e9 au Luxembourg Simone KellerPeinture Schleihs SA Service \u00e0 la client\u00e8le et gestion des offres au Luxembourg Jan KellerG\u00e9rant Peinture Schleihs SAKS Malerarbeiten N\u2019h\u00e9sitez pas \u00e0 nous contacter ! \u00c9tablie depuis de longues ann\u00e9es dans la r\u00e9gion des trois fronti\u00e8res entre la&#8230;<\/p>\n","protected":false},"author":1,"featured_media":0,"parent":0,"menu_order":0,"comment_status":"closed","ping_status":"closed","template":"elementor_header_footer","meta":{"footnotes":""},"class_list":["post-5812","page","type-page","status-publish","hentry"],"_links":{"self":[{"href":"https:\/\/www.schleihs-sa.com\/fr\/wp-json\/wp\/v2\/pages\/5812"}],"collection":[{"href":"https:\/\/www.schleihs-sa.com\/fr\/wp-json\/wp\/v2\/pages"}],"about":[{"href":"https:\/\/www.schleihs-sa.com\/fr\/wp-json\/wp\/v2\/types\/page"}],"author":[{"embeddable":true,"href":"https:\/\/www.schleihs-sa.com\/fr\/wp-json\/wp\/v2\/users\/1"}],"replies":[{"embeddable":true,"href":"https:\/\/www.schleihs-sa.com\/fr\/wp-json\/wp\/v2\/comments?post=5812"}],"version-history":[{"count":10,"href":"https:\/\/www.schleihs-sa.com\/fr\/wp-json\/wp\/v2\/pages\/5812\/revisions"}],"predecessor-version":[{"id":5926,"href":"https:\/\/www.schleihs-sa.com\/fr\/wp-json\/wp\/v2\/pages\/5812\/revisions\/5926"}],"wp:attachment":[{"href":"https:\/\/www.schleihs-sa.com\/fr\/wp-json\/wp\/v2\/media?parent=5812"}],"curies":[{"name":"wp","href":"https:\/\/api.w.org\/{rel}","templated":true}]}}