{"id":5774,"date":"2024-08-30T13:27:36","date_gmt":"2024-08-30T11:27:36","guid":{"rendered":"https:\/\/dev.jardindigital.com\/www.schleihs-sa.com\/impressum\/"},"modified":"2024-09-25T14:47:46","modified_gmt":"2024-09-25T12:47:46","slug":"mentions-legales","status":"publish","type":"page","link":"https:\/\/www.schleihs-sa.com\/fr\/mentions-legales\/","title":{"rendered":"Mentions l\u00e9gales"},"content":{"rendered":"\t\t<div data-elementor-type=\"wp-page\" data-elementor-id=\"5774\" class=\"elementor elementor-5774 elementor-5007\">\n\t\t\t\t\t\t<section class=\"elementor-section elementor-top-section elementor-element elementor-element-6eb7de3 elementor-section-boxed elementor-section-height-default elementor-section-height-default\" data-id=\"6eb7de3\" data-element_type=\"section\" data-settings=\"{&quot;background_background&quot;:&quot;classic&quot;}\">\n\t\t\t\t\t\t<div class=\"elementor-container elementor-column-gap-extended\">\n\t\t\t\t\t<div class=\"elementor-column elementor-col-50 elementor-top-column elementor-element elementor-element-6c13dc4\" data-id=\"6c13dc4\" data-element_type=\"column\">\n\t\t\t<div class=\"elementor-widget-wrap elementor-element-populated\">\n\t\t\t\t\t\t<div class=\"elementor-element elementor-element-371514b elementor-widget elementor-widget-heading\" data-id=\"371514b\" data-element_type=\"widget\" data-widget_type=\"heading.default\">\n\t\t\t\t<div class=\"elementor-widget-container\">\n\t\t\t<h2 class=\"elementor-heading-title elementor-size-default\">\u00c9diteur responsable<\/h2>\t\t<\/div>\n\t\t\t\t<\/div>\n\t\t\t\t\t<\/div>\n\t\t<\/div>\n\t\t\t\t<div class=\"elementor-column elementor-col-50 elementor-top-column elementor-element elementor-element-a523cb1\" data-id=\"a523cb1\" data-element_type=\"column\">\n\t\t\t<div class=\"elementor-widget-wrap elementor-element-populated\">\n\t\t\t\t\t\t<div class=\"elementor-element elementor-element-5a59d1f elementor-widget elementor-widget-text-editor\" data-id=\"5a59d1f\" data-element_type=\"widget\" data-widget_type=\"text-editor.default\">\n\t\t\t\t<div class=\"elementor-widget-container\">\n\t\t\t\t\t\t\t<p><strong>Schleihs SA<\/strong><\/p><p>76, Route d&#8217;Asselborn<br \/>L &#8211; 9907 Troisvierges<\/p><p>Tel: <a href=\"tel:+35226958006\">+352 26 95 80 06<\/a><br \/><a href=\"mailto:info@schleihs-sa.com\">E-Mail: info@schleihs-sa.com<\/a><\/p><p>MwSt.-ID: LU 19186772<\/p>\t\t\t\t\t\t<\/div>\n\t\t\t\t<\/div>\n\t\t\t\t\t<\/div>\n\t\t<\/div>\n\t\t\t\t\t<\/div>\n\t\t<\/section>\n\t\t\t\t<section class=\"elementor-section elementor-top-section elementor-element elementor-element-79a54ce elementor-section-boxed elementor-section-height-default elementor-section-height-default\" data-id=\"79a54ce\" data-element_type=\"section\" data-settings=\"{&quot;background_background&quot;:&quot;classic&quot;}\">\n\t\t\t\t\t\t<div class=\"elementor-container elementor-column-gap-extended\">\n\t\t\t\t\t<div class=\"elementor-column elementor-col-50 elementor-top-column elementor-element elementor-element-73d3e0b\" data-id=\"73d3e0b\" data-element_type=\"column\">\n\t\t\t<div class=\"elementor-widget-wrap elementor-element-populated\">\n\t\t\t\t\t\t<div class=\"elementor-element elementor-element-783432e elementor-widget elementor-widget-heading\" data-id=\"783432e\" data-element_type=\"widget\" data-widget_type=\"heading.default\">\n\t\t\t\t<div class=\"elementor-widget-container\">\n\t\t\t<h2 class=\"elementor-heading-title elementor-size-default\">Mentions l\u00e9gales (en allemand)<\/h2>\t\t<\/div>\n\t\t\t\t<\/div>\n\t\t\t\t\t<\/div>\n\t\t<\/div>\n\t\t\t\t<div class=\"elementor-column elementor-col-50 elementor-top-column elementor-element elementor-element-3390ec7\" data-id=\"3390ec7\" data-element_type=\"column\">\n\t\t\t<div class=\"elementor-widget-wrap elementor-element-populated\">\n\t\t\t\t\t\t<div class=\"elementor-element elementor-element-5814142 elementor-widget elementor-widget-text-editor\" data-id=\"5814142\" data-element_type=\"widget\" data-widget_type=\"text-editor.default\">\n\t\t\t\t<div class=\"elementor-widget-container\">\n\t\t\t\t\t\t\t<p>Die Informationen auf dieser Website wurden mit gr\u00f6\u00dftm\u00f6glicher Sorgfalt zusammengestellt. Sie werden st\u00e4ndig gepr\u00fcft und aktualisiert. F\u00fcr die Korrektheit, Aktualit\u00e4t und Vollst\u00e4ndigkeit der enthaltenen Informationen kann dennoch keine Haftung oder Garantie \u00fcbernommen werden. Jegliche Haftung f\u00fcr Sch\u00e4den, die direkt oder indirekt aus Benutzung dieses Webshops entstehen, wird ausgeschlossen, sofern diese nicht auf Vorsatz oder grober Fahrl\u00e4ssigkeit beruhen. Sofern von diesem Webshop per Hyperlink auf andere Internetseiten verwiesen wird, die von Dritten betrieben werden, \u00fcbernimmt die Schleihs AG keine Verantwortung f\u00fcr die Inhalte.<\/p><p>Die Schleihs AG beh\u00e4lt sich das Recht vor, jederzeit \u00c4nderungen und Erg\u00e4nzungen der bereitgestellten Informationen vorzunehmen.<\/p><p>Alle Rechte vorbehalten. Texte und Bilder sowie deren Anordnung auf der Schleihs AG \u2013 Website unterliegen dem Schutz des Urheberrechts und anderen Schutzgesetzen. Der Inhalt dieser Website darf nicht zu kommerziellen Zwecken kopiert, verbreitet, ver\u00e4ndert oder Dritten zug\u00e4nglich gemacht werden.<\/p><p>\u00a0Troisvierges, September 2024<\/p>\t\t\t\t\t\t<\/div>\n\t\t\t\t<\/div>\n\t\t\t\t\t<\/div>\n\t\t<\/div>\n\t\t\t\t\t<\/div>\n\t\t<\/section>\n\t\t\t\t<section class=\"elementor-section elementor-top-section elementor-element elementor-element-a04bec7 elementor-section-boxed elementor-section-height-default elementor-section-height-default\" data-id=\"a04bec7\" data-element_type=\"section\" data-settings=\"{&quot;background_background&quot;:&quot;classic&quot;}\">\n\t\t\t\t\t\t<div class=\"elementor-container elementor-column-gap-extended\">\n\t\t\t\t\t<div class=\"elementor-column elementor-col-50 elementor-top-column elementor-element elementor-element-3b9302b\" data-id=\"3b9302b\" data-element_type=\"column\">\n\t\t\t<div class=\"elementor-widget-wrap elementor-element-populated\">\n\t\t\t\t\t\t<div class=\"elementor-element elementor-element-c7d5a0b elementor-widget elementor-widget-heading\" data-id=\"c7d5a0b\" data-element_type=\"widget\" data-widget_type=\"heading.default\">\n\t\t\t\t<div class=\"elementor-widget-container\">\n\t\t\t<h2 class=\"elementor-heading-title elementor-size-default\">Conception, r\u00e9alisation et h\u00e9bergement du site Web<\/h2>\t\t<\/div>\n\t\t\t\t<\/div>\n\t\t\t\t\t<\/div>\n\t\t<\/div>\n\t\t\t\t<div class=\"elementor-column elementor-col-50 elementor-top-column elementor-element elementor-element-5f69894\" data-id=\"5f69894\" data-element_type=\"column\">\n\t\t\t<div class=\"elementor-widget-wrap elementor-element-populated\">\n\t\t\t\t\t\t<div class=\"elementor-element elementor-element-40b1afb elementor-widget elementor-widget-text-editor\" data-id=\"40b1afb\" data-element_type=\"widget\" data-widget_type=\"text-editor.default\">\n\t\t\t\t<div class=\"elementor-widget-container\">\n\t\t\t\t\t\t\t<a href=\"https:\/\/www.designagentur.be\/\" target=\"_blank\" rel=\"noopener\"><b>Die Designagentur &#8211; Leifgen<\/b><\/a>\t\t\t\t\t\t<\/div>\n\t\t\t\t<\/div>\n\t\t\t\t\t<\/div>\n\t\t<\/div>\n\t\t\t\t\t<\/div>\n\t\t<\/section>\n\t\t\t\t<\/div>\n\t\t","protected":false},"excerpt":{"rendered":"<p>\u00c9diteur responsable Schleihs SA 76, Route d&#8217;AsselbornL &#8211; 9907 Troisvierges Tel: +352 26 95 80 06E-Mail: info@schleihs-sa.com MwSt.-ID: LU 19186772 Mentions l\u00e9gales (en allemand) Die Informationen auf dieser Website wurden mit gr\u00f6\u00dftm\u00f6glicher Sorgfalt zusammengestellt. Sie werden st\u00e4ndig gepr\u00fcft und aktualisiert. F\u00fcr die Korrektheit, Aktualit\u00e4t und Vollst\u00e4ndigkeit der enthaltenen Informationen kann dennoch keine Haftung oder Garantie&#8230;<\/p>\n","protected":false},"author":1,"featured_media":0,"parent":0,"menu_order":0,"comment_status":"closed","ping_status":"closed","template":"elementor_header_footer","meta":{"footnotes":""},"class_list":["post-5774","page","type-page","status-publish","hentry"],"_links":{"self":[{"href":"https:\/\/www.schleihs-sa.com\/fr\/wp-json\/wp\/v2\/pages\/5774"}],"collection":[{"href":"https:\/\/www.schleihs-sa.com\/fr\/wp-json\/wp\/v2\/pages"}],"about":[{"href":"https:\/\/www.schleihs-sa.com\/fr\/wp-json\/wp\/v2\/types\/page"}],"author":[{"embeddable":true,"href":"https:\/\/www.schleihs-sa.com\/fr\/wp-json\/wp\/v2\/users\/1"}],"replies":[{"embeddable":true,"href":"https:\/\/www.schleihs-sa.com\/fr\/wp-json\/wp\/v2\/comments?post=5774"}],"version-history":[{"count":4,"href":"https:\/\/www.schleihs-sa.com\/fr\/wp-json\/wp\/v2\/pages\/5774\/revisions"}],"predecessor-version":[{"id":5779,"href":"https:\/\/www.schleihs-sa.com\/fr\/wp-json\/wp\/v2\/pages\/5774\/revisions\/5779"}],"wp:attachment":[{"href":"https:\/\/www.schleihs-sa.com\/fr\/wp-json\/wp\/v2\/media?parent=5774"}],"curies":[{"name":"wp","href":"https:\/\/api.w.org\/{rel}","templated":true}]}}