{"id":5750,"date":"2024-09-05T09:58:34","date_gmt":"2024-09-05T07:58:34","guid":{"rendered":"https:\/\/dev.jardindigital.com\/www.schleihs-sa.com\/jobs\/"},"modified":"2024-09-25T14:34:53","modified_gmt":"2024-09-25T12:34:53","slug":"emplois","status":"publish","type":"page","link":"https:\/\/www.schleihs-sa.com\/fr\/emplois\/","title":{"rendered":"Emplois"},"content":{"rendered":"\t\t<div data-elementor-type=\"wp-page\" data-elementor-id=\"5750\" class=\"elementor elementor-5750 elementor-5473\">\n\t\t\t\t\t\t<section class=\"elementor-section elementor-top-section elementor-element elementor-element-6eb7de3 elementor-section-boxed elementor-section-height-default elementor-section-height-default\" data-id=\"6eb7de3\" data-element_type=\"section\" data-settings=\"{&quot;background_background&quot;:&quot;classic&quot;}\">\n\t\t\t\t\t\t<div class=\"elementor-container elementor-column-gap-extended\">\n\t\t\t\t\t<div class=\"elementor-column elementor-col-100 elementor-top-column elementor-element elementor-element-6c13dc4\" data-id=\"6c13dc4\" data-element_type=\"column\">\n\t\t\t<div class=\"elementor-widget-wrap elementor-element-populated\">\n\t\t\t\t\t\t<div class=\"elementor-element elementor-element-bfaf796 elementor-widget elementor-widget-text-editor\" data-id=\"bfaf796\" data-element_type=\"widget\" data-widget_type=\"text-editor.default\">\n\t\t\t\t<div class=\"elementor-widget-container\">\n\t\t\t\t\t\t\t<p>Pour renforcer notre \u00e9quipe, nous cherchons, toujours pour commencer le plus vite possible, un<\/p><h2>Peintre ou plafonneur<\/h2><p><u>Ton profil :<\/u><\/p><ul><li>Exp\u00e9rience en tant que peintre ou plafonneur<\/li><li>Fiabilit\u00e9, capacit\u00e9 \u00e0 travailler en \u00e9quipe, autonomie<\/li><li>Permis de conduire<\/li><\/ul><p><u>Nous t&#8217;offrons :<\/u><\/p><p>Un emploi s\u00fbr, \u00e0 l\u2019int\u00e9rieur et \u00e0 l\u2019ext\u00e9rieur, au sein d\u2019une \u00e9quipe jeune et dynamique<\/p><p><strong>Envoie-nous ta candidature \u00e0 :<\/strong><\/p><p><a href=\"mailto:simone@schleihs-sa.com\">simone@schleihs-sa.com<\/a><\/p>\t\t\t\t\t\t<\/div>\n\t\t\t\t<\/div>\n\t\t\t\t\t<\/div>\n\t\t<\/div>\n\t\t\t\t\t<\/div>\n\t\t<\/section>\n\t\t\t\t<\/div>\n\t\t","protected":false},"excerpt":{"rendered":"<p>Pour renforcer notre \u00e9quipe, nous cherchons, toujours pour commencer le plus vite possible, un Peintre ou plafonneur Ton profil : Exp\u00e9rience en tant que peintre ou plafonneur Fiabilit\u00e9, capacit\u00e9 \u00e0 travailler en \u00e9quipe, autonomie Permis de conduire Nous t&#8217;offrons : Un emploi s\u00fbr, \u00e0 l\u2019int\u00e9rieur et \u00e0 l\u2019ext\u00e9rieur, au sein d\u2019une \u00e9quipe jeune et dynamique&#8230;<\/p>\n","protected":false},"author":1,"featured_media":0,"parent":0,"menu_order":0,"comment_status":"closed","ping_status":"closed","template":"elementor_header_footer","meta":{"footnotes":""},"class_list":["post-5750","page","type-page","status-publish","hentry"],"_links":{"self":[{"href":"https:\/\/www.schleihs-sa.com\/fr\/wp-json\/wp\/v2\/pages\/5750"}],"collection":[{"href":"https:\/\/www.schleihs-sa.com\/fr\/wp-json\/wp\/v2\/pages"}],"about":[{"href":"https:\/\/www.schleihs-sa.com\/fr\/wp-json\/wp\/v2\/types\/page"}],"author":[{"embeddable":true,"href":"https:\/\/www.schleihs-sa.com\/fr\/wp-json\/wp\/v2\/users\/1"}],"replies":[{"embeddable":true,"href":"https:\/\/www.schleihs-sa.com\/fr\/wp-json\/wp\/v2\/comments?post=5750"}],"version-history":[{"count":7,"href":"https:\/\/www.schleihs-sa.com\/fr\/wp-json\/wp\/v2\/pages\/5750\/revisions"}],"predecessor-version":[{"id":5758,"href":"https:\/\/www.schleihs-sa.com\/fr\/wp-json\/wp\/v2\/pages\/5750\/revisions\/5758"}],"wp:attachment":[{"href":"https:\/\/www.schleihs-sa.com\/fr\/wp-json\/wp\/v2\/media?parent=5750"}],"curies":[{"name":"wp","href":"https:\/\/api.w.org\/{rel}","templated":true}]}}