{"id":5738,"date":"2024-09-05T09:56:02","date_gmt":"2024-09-05T07:56:02","guid":{"rendered":"https:\/\/dev.jardindigital.com\/www.schleihs-sa.com\/ueber-uns\/"},"modified":"2024-09-26T13:32:32","modified_gmt":"2024-09-26T11:32:32","slug":"a-propos-de-nous","status":"publish","type":"page","link":"https:\/\/www.schleihs-sa.com\/fr\/a-propos-de-nous\/","title":{"rendered":"\u00c0 propos de nous"},"content":{"rendered":"\t\t<div data-elementor-type=\"wp-page\" data-elementor-id=\"5738\" class=\"elementor elementor-5738 elementor-5464\">\n\t\t\t\t\t\t<section class=\"elementor-section elementor-top-section elementor-element elementor-element-6eb7de3 elementor-section-boxed elementor-section-height-default elementor-section-height-default\" data-id=\"6eb7de3\" data-element_type=\"section\" data-settings=\"{&quot;background_background&quot;:&quot;classic&quot;}\">\n\t\t\t\t\t\t<div class=\"elementor-container elementor-column-gap-extended\">\n\t\t\t\t\t<div class=\"elementor-column elementor-col-100 elementor-top-column elementor-element elementor-element-6c13dc4\" data-id=\"6c13dc4\" data-element_type=\"column\">\n\t\t\t<div class=\"elementor-widget-wrap elementor-element-populated\">\n\t\t\t\t\t\t<div class=\"elementor-element elementor-element-0afb92a elementor-widget elementor-widget-heading\" data-id=\"0afb92a\" data-element_type=\"widget\" data-widget_type=\"heading.default\">\n\t\t\t\t<div class=\"elementor-widget-container\">\n\t\t\t<h2 class=\"elementor-heading-title elementor-size-default\">Une entreprise dynamique<\/h2>\t\t<\/div>\n\t\t\t\t<\/div>\n\t\t\t\t<div class=\"elementor-element elementor-element-9348e93 elementor-widget elementor-widget-spacer\" data-id=\"9348e93\" data-element_type=\"widget\" data-widget_type=\"spacer.default\">\n\t\t\t\t<div class=\"elementor-widget-container\">\n\t\t\t\t\t<div class=\"elementor-spacer\">\n\t\t\t<div class=\"elementor-spacer-inner\"><\/div>\n\t\t<\/div>\n\t\t\t\t<\/div>\n\t\t\t\t<\/div>\n\t\t\t\t<div class=\"elementor-element elementor-element-bfaf796 elementor-widget elementor-widget-text-editor\" data-id=\"bfaf796\" data-element_type=\"widget\" data-widget_type=\"text-editor.default\">\n\t\t\t\t<div class=\"elementor-widget-container\">\n\t\t\t\t\t\t\t<p>Nous sommes une entreprise de peinture innovante, pr\u00e9sente depuis des ann\u00e9es dans la r\u00e9gion des Trois Fronti\u00e8res BE-DE-LUX.<\/p><p>J\u2019ai commenc\u00e9 mon apprentissage en tant que peintre et applicateur de rev\u00eatements dans l&#8217;entreprise de Willy Schleihs en 1981.<\/p><p>Ensemble, nous avons fond\u00e9 en 1995 l\u2019entreprise \u00ab\u00a0KS MALERARBEITEN PGmbH\u00a0\u00bb, qui s\u2019occupe de nos clients belges et allemands, ainsi que l\u2019entreprise \u00ab\u00a0SCHLEIHS ANSTRICH-PEINTURE SA\u00a0\u00bb, qui s\u2019adresse \u00e0 nos clients du Grand-Duch\u00e9 de Luxembourg.<\/p><p>En 2009, mon fils Jan a d\u00e9but\u00e9 son apprentissage dans notre entreprise.<\/p><p>Fin 2011, Willy Schleihs a pris sa retraite bien m\u00e9rit\u00e9e.<\/p><p>Depuis 2012, je suis responsable des deux entreprises, et ma fille Simone a elle aussi rejoint l\u2019aventure.<\/p><p>Simone s\u2019occupe du service \u00e0 la client\u00e8le et de la gestion des offres.<\/p><p>Bianca Elsen travaillait d\u00e9j\u00e0 comme secr\u00e9taire pour Willy. Depuis, elle est devenue un vrai pilier de notre entreprise et a ajout\u00e9 la comptabilit\u00e9 et la facturation \u00e0 ses responsabilit\u00e9s.<\/p><p>En 2013, KS MALERARBEITEN a emm\u00e9nag\u00e9 dans ses nouveaux entrep\u00f4ts au 19 de la Mercatorstra\u00dfe du nouveau zoning industriel de Saint-Vith.<\/p><p>En 2014, Jan est devenu g\u00e9rant de KS Malerarbeiten PGmbH.<\/p><p>Depuis 2018, Jan et Roland dirigent les deux entreprises, en collaboration avec Simone.<\/p><p>Pour l\u2019instant, nous avons 12 collaborateurs et une apprentie.<\/p><p>Plusieurs de nos collaborateurs travaillent pour notre entreprise depuis de nombreuses ann\u00e9es d\u00e9j\u00e0.<\/p>\t\t\t\t\t\t<\/div>\n\t\t\t\t<\/div>\n\t\t\t\t\t<\/div>\n\t\t<\/div>\n\t\t\t\t\t<\/div>\n\t\t<\/section>\n\t\t\t\t<section class=\"elementor-section elementor-top-section elementor-element elementor-element-76ead9c elementor-section-boxed elementor-section-height-default elementor-section-height-default\" data-id=\"76ead9c\" data-element_type=\"section\" data-settings=\"{&quot;background_background&quot;:&quot;classic&quot;}\">\n\t\t\t\t\t\t<div class=\"elementor-container elementor-column-gap-extended\">\n\t\t\t\t\t<div class=\"elementor-column elementor-col-50 elementor-top-column elementor-element elementor-element-e57547e\" data-id=\"e57547e\" data-element_type=\"column\">\n\t\t\t<div class=\"elementor-widget-wrap elementor-element-populated\">\n\t\t\t\t\t\t<div class=\"elementor-element elementor-element-1daa882 elementor-align-center elementor-widget elementor-widget-button\" data-id=\"1daa882\" data-element_type=\"widget\" data-widget_type=\"button.default\">\n\t\t\t\t<div class=\"elementor-widget-container\">\n\t\t\t\t\t<div class=\"elementor-button-wrapper\">\n\t\t\t<a class=\"elementor-button elementor-button-link elementor-size-sm\" href=\"https:\/\/www.schleihs-sa.com\/fr\/contact\/\">\n\t\t\t\t\t\t<span class=\"elementor-button-content-wrapper\">\n\t\t\t\t\t\t\t\t\t<span class=\"elementor-button-text\">CONTACTEZ-NOUS<\/span>\n\t\t\t\t\t<\/span>\n\t\t\t\t\t<\/a>\n\t\t<\/div>\n\t\t\t\t<\/div>\n\t\t\t\t<\/div>\n\t\t\t\t<div class=\"elementor-element elementor-element-760b060 elementor-widget elementor-widget-spacer\" data-id=\"760b060\" data-element_type=\"widget\" data-widget_type=\"spacer.default\">\n\t\t\t\t<div class=\"elementor-widget-container\">\n\t\t\t\t\t<div class=\"elementor-spacer\">\n\t\t\t<div class=\"elementor-spacer-inner\"><\/div>\n\t\t<\/div>\n\t\t\t\t<\/div>\n\t\t\t\t<\/div>\n\t\t\t\t\t<\/div>\n\t\t<\/div>\n\t\t\t\t<div class=\"elementor-column elementor-col-50 elementor-top-column elementor-element elementor-element-269aa95\" data-id=\"269aa95\" data-element_type=\"column\">\n\t\t\t<div class=\"elementor-widget-wrap elementor-element-populated\">\n\t\t\t\t\t\t<div class=\"elementor-element elementor-element-6af0c9a elementor-align-center elementor-widget elementor-widget-button\" data-id=\"6af0c9a\" data-element_type=\"widget\" data-widget_type=\"button.default\">\n\t\t\t\t<div class=\"elementor-widget-container\">\n\t\t\t\t\t<div class=\"elementor-button-wrapper\">\n\t\t\t<a class=\"elementor-button elementor-button-link elementor-size-sm\" href=\"https:\/\/www.schleihs-sa.com\/fr\/emplois\/\">\n\t\t\t\t\t\t<span class=\"elementor-button-content-wrapper\">\n\t\t\t\t\t\t\t\t\t<span class=\"elementor-button-text\">ENVIE DE NOUS REJOINDRE ?<\/span>\n\t\t\t\t\t<\/span>\n\t\t\t\t\t<\/a>\n\t\t<\/div>\n\t\t\t\t<\/div>\n\t\t\t\t<\/div>\n\t\t\t\t<div class=\"elementor-element elementor-element-218b6a8 elementor-widget elementor-widget-spacer\" data-id=\"218b6a8\" data-element_type=\"widget\" data-widget_type=\"spacer.default\">\n\t\t\t\t<div class=\"elementor-widget-container\">\n\t\t\t\t\t<div class=\"elementor-spacer\">\n\t\t\t<div class=\"elementor-spacer-inner\"><\/div>\n\t\t<\/div>\n\t\t\t\t<\/div>\n\t\t\t\t<\/div>\n\t\t\t\t\t<\/div>\n\t\t<\/div>\n\t\t\t\t\t<\/div>\n\t\t<\/section>\n\t\t\t\t<\/div>\n\t\t","protected":false},"excerpt":{"rendered":"<p>Une entreprise dynamique Nous sommes une entreprise de peinture innovante, pr\u00e9sente depuis des ann\u00e9es dans la r\u00e9gion des Trois Fronti\u00e8res BE-DE-LUX. J\u2019ai commenc\u00e9 mon apprentissage en tant que peintre et applicateur de rev\u00eatements dans l&#8217;entreprise de Willy Schleihs en 1981. Ensemble, nous avons fond\u00e9 en 1995 l\u2019entreprise \u00ab\u00a0KS MALERARBEITEN PGmbH\u00a0\u00bb, qui s\u2019occupe de nos clients&#8230;<\/p>\n","protected":false},"author":1,"featured_media":0,"parent":0,"menu_order":0,"comment_status":"closed","ping_status":"closed","template":"elementor_header_footer","meta":{"footnotes":""},"class_list":["post-5738","page","type-page","status-publish","hentry"],"_links":{"self":[{"href":"https:\/\/www.schleihs-sa.com\/fr\/wp-json\/wp\/v2\/pages\/5738"}],"collection":[{"href":"https:\/\/www.schleihs-sa.com\/fr\/wp-json\/wp\/v2\/pages"}],"about":[{"href":"https:\/\/www.schleihs-sa.com\/fr\/wp-json\/wp\/v2\/types\/page"}],"author":[{"embeddable":true,"href":"https:\/\/www.schleihs-sa.com\/fr\/wp-json\/wp\/v2\/users\/1"}],"replies":[{"embeddable":true,"href":"https:\/\/www.schleihs-sa.com\/fr\/wp-json\/wp\/v2\/comments?post=5738"}],"version-history":[{"count":7,"href":"https:\/\/www.schleihs-sa.com\/fr\/wp-json\/wp\/v2\/pages\/5738\/revisions"}],"predecessor-version":[{"id":5880,"href":"https:\/\/www.schleihs-sa.com\/fr\/wp-json\/wp\/v2\/pages\/5738\/revisions\/5880"}],"wp:attachment":[{"href":"https:\/\/www.schleihs-sa.com\/fr\/wp-json\/wp\/v2\/media?parent=5738"}],"curies":[{"name":"wp","href":"https:\/\/api.w.org\/{rel}","templated":true}]}}