{"id":5702,"date":"2024-08-30T13:12:50","date_gmt":"2024-08-30T11:12:50","guid":{"rendered":"https:\/\/dev.jardindigital.com\/www.schleihs-sa.com\/isolierung-putze\/"},"modified":"2024-09-25T14:17:25","modified_gmt":"2024-09-25T12:17:25","slug":"isolation-enduits","status":"publish","type":"page","link":"https:\/\/www.schleihs-sa.com\/fr\/isolation-enduits\/","title":{"rendered":"Isolation\/enduits"},"content":{"rendered":"\t\t<div data-elementor-type=\"wp-page\" data-elementor-id=\"5702\" class=\"elementor elementor-5702 elementor-4977\">\n\t\t\t\t\t\t<section class=\"elementor-section elementor-top-section elementor-element elementor-element-7e1b73d5 elementor-section-stretched elementor-section-boxed elementor-section-height-default elementor-section-height-default\" data-id=\"7e1b73d5\" data-element_type=\"section\" data-settings=\"{&quot;background_background&quot;:&quot;classic&quot;,&quot;stretch_section&quot;:&quot;section-stretched&quot;}\">\n\t\t\t\t\t\t\t<div class=\"elementor-background-overlay\"><\/div>\n\t\t\t\t\t\t\t<div class=\"elementor-container elementor-column-gap-default\">\n\t\t\t\t\t<div class=\"elementor-column elementor-col-50 elementor-top-column elementor-element elementor-element-4147d564\" data-id=\"4147d564\" data-element_type=\"column\">\n\t\t\t<div class=\"elementor-widget-wrap elementor-element-populated\">\n\t\t\t\t\t\t<div class=\"elementor-element elementor-element-2f5753b0 elementor-widget elementor-widget-rt-title\" data-id=\"2f5753b0\" data-element_type=\"widget\" data-widget_type=\"rt-title.default\">\n\t\t\t\t<div class=\"elementor-widget-container\">\n\t\t\t<div class=\"heading-default-layout heading-layout1new\">\t\t\t\r\n\t\t\t<div class=\"item-beforetitle item-subtitle\">NOTRE OFFRE<\/div>\t\t\r\n\t\t<h2 class=\"item-title\"> Isolation <\/h2>\r\n\t\t<\/div>\r\n\t\t<\/div>\n\t\t\t\t<\/div>\n\t\t\t\t<div class=\"elementor-element elementor-element-5b5d93f elementor-widget elementor-widget-text-editor\" data-id=\"5b5d93f\" data-element_type=\"widget\" data-widget_type=\"text-editor.default\">\n\t\t\t\t<div class=\"elementor-widget-container\">\n\t\t\t\t\t\t\t<p>Le polystyr\u00e8ne expans\u00e9, ou frigolite, est un isolant classique pour les habitations. Il a d\u2019excellentes propri\u00e9t\u00e9s d\u2019isolation thermique. \u00a0Comme il contient de nombreuses bulles d\u2019air, il isole aussi bien contre le froid que la chaleur, ce qui en fait un mat\u00e9riau de choix pour les syst\u00e8mes d\u2019isolation ext\u00e9rieure sous enduit. En outre, il est facile \u00e0 appliquer et n&#8217;absorbe qu\u2019un minimum d\u2019humidit\u00e9. La l\u00e9g\u00e8ret\u00e9 du mat\u00e9riau facilite sa pose. De plus, le polystyr\u00e8ne expans\u00e9 peut facilement \u00eatre d\u00e9coup\u00e9 pour \u00eatre adapt\u00e9 aux caract\u00e9ristiques d\u2019un b\u00e2timent, de murs ou de plafonds.<\/p><p>Nous proposons \u00e9galement une alternative \u00e0 la laine de verre pour l\u2019isolation.<\/p>\t\t\t\t\t\t<\/div>\n\t\t\t\t<\/div>\n\t\t\t\t<div class=\"elementor-element elementor-element-238be4f elementor-widget elementor-widget-spacer\" data-id=\"238be4f\" data-element_type=\"widget\" data-widget_type=\"spacer.default\">\n\t\t\t\t<div class=\"elementor-widget-container\">\n\t\t\t\t\t<div class=\"elementor-spacer\">\n\t\t\t<div class=\"elementor-spacer-inner\"><\/div>\n\t\t<\/div>\n\t\t\t\t<\/div>\n\t\t\t\t<\/div>\n\t\t\t\t\t<\/div>\n\t\t<\/div>\n\t\t\t\t<div class=\"elementor-column elementor-col-50 elementor-top-column elementor-element elementor-element-7476494 elementor-invisible\" data-id=\"7476494\" data-element_type=\"column\" data-settings=\"{&quot;animation&quot;:&quot;fadeInRight&quot;}\">\n\t\t\t<div class=\"elementor-widget-wrap elementor-element-populated\">\n\t\t\t\t\t\t<div class=\"elementor-element elementor-element-1ee41d0c elementor-widget elementor-widget-image\" data-id=\"1ee41d0c\" data-element_type=\"widget\" data-widget_type=\"image.default\">\n\t\t\t\t<div class=\"elementor-widget-container\">\n\t\t\t\t\t\t\t\t\t\t\t\t\t<img fetchpriority=\"high\" decoding=\"async\" width=\"800\" height=\"1200\" src=\"https:\/\/www.schleihs-sa.com\/wp-content\/uploads\/2024\/08\/schleihs-iso-putze_aussen-1920x900-02.jpg\" class=\"attachment-full size-full wp-image-4982\" alt=\"\" srcset=\"https:\/\/www.schleihs-sa.com\/wp-content\/uploads\/2024\/08\/schleihs-iso-putze_aussen-1920x900-02.jpg 800w, https:\/\/www.schleihs-sa.com\/wp-content\/uploads\/2024\/08\/schleihs-iso-putze_aussen-1920x900-02-200x300.jpg 200w, https:\/\/www.schleihs-sa.com\/wp-content\/uploads\/2024\/08\/schleihs-iso-putze_aussen-1920x900-02-683x1024.jpg 683w\" sizes=\"(max-width: 800px) 100vw, 800px\" \/>\t\t\t\t\t\t\t\t\t\t\t\t\t<\/div>\n\t\t\t\t<\/div>\n\t\t\t\t\t<\/div>\n\t\t<\/div>\n\t\t\t\t\t<\/div>\n\t\t<\/section>\n\t\t\t\t<section class=\"elementor-section elementor-top-section elementor-element elementor-element-9f65cb7 elementor-section-stretched elementor-section-boxed elementor-section-height-default elementor-section-height-default\" data-id=\"9f65cb7\" data-element_type=\"section\" data-settings=\"{&quot;background_background&quot;:&quot;classic&quot;,&quot;stretch_section&quot;:&quot;section-stretched&quot;}\">\n\t\t\t\t\t\t\t<div class=\"elementor-background-overlay\"><\/div>\n\t\t\t\t\t\t\t<div class=\"elementor-container elementor-column-gap-default\">\n\t\t\t\t\t<div class=\"elementor-column elementor-col-50 elementor-top-column elementor-element elementor-element-7ad0fa4 elementor-invisible\" data-id=\"7ad0fa4\" data-element_type=\"column\" data-settings=\"{&quot;animation&quot;:&quot;fadeInLeft&quot;}\">\n\t\t\t<div class=\"elementor-widget-wrap elementor-element-populated\">\n\t\t\t\t\t\t<div class=\"elementor-element elementor-element-965c98a elementor-widget elementor-widget-image\" data-id=\"965c98a\" data-element_type=\"widget\" data-widget_type=\"image.default\">\n\t\t\t\t<div class=\"elementor-widget-container\">\n\t\t\t\t\t\t\t\t\t\t\t\t\t<img decoding=\"async\" width=\"801\" height=\"1200\" src=\"https:\/\/www.schleihs-sa.com\/wp-content\/uploads\/2024\/08\/schleihs-iso-putze_aussen-1920x900-03.jpg\" class=\"attachment-full size-full wp-image-4983\" alt=\"\" srcset=\"https:\/\/www.schleihs-sa.com\/wp-content\/uploads\/2024\/08\/schleihs-iso-putze_aussen-1920x900-03.jpg 801w, https:\/\/www.schleihs-sa.com\/wp-content\/uploads\/2024\/08\/schleihs-iso-putze_aussen-1920x900-03-200x300.jpg 200w, https:\/\/www.schleihs-sa.com\/wp-content\/uploads\/2024\/08\/schleihs-iso-putze_aussen-1920x900-03-684x1024.jpg 684w\" sizes=\"(max-width: 801px) 100vw, 801px\" \/>\t\t\t\t\t\t\t\t\t\t\t\t\t<\/div>\n\t\t\t\t<\/div>\n\t\t\t\t\t<\/div>\n\t\t<\/div>\n\t\t\t\t<div class=\"elementor-column elementor-col-50 elementor-top-column elementor-element elementor-element-8dec9ec\" data-id=\"8dec9ec\" data-element_type=\"column\">\n\t\t\t<div class=\"elementor-widget-wrap elementor-element-populated\">\n\t\t\t\t\t\t<div class=\"elementor-element elementor-element-79c5d4d elementor-widget elementor-widget-rt-title\" data-id=\"79c5d4d\" data-element_type=\"widget\" data-widget_type=\"rt-title.default\">\n\t\t\t\t<div class=\"elementor-widget-container\">\n\t\t\t<div class=\"heading-default-layout heading-layout1new\">\t\t\t\r\n\t\t\t<div class=\"item-beforetitle item-subtitle\">NOTRE OFFRE<\/div>\t\t\r\n\t\t<h2 class=\"item-title\"> Enduits <\/h2>\r\n\t\t<\/div>\r\n\t\t<\/div>\n\t\t\t\t<\/div>\n\t\t\t\t<div class=\"elementor-element elementor-element-26b3be6 elementor-widget elementor-widget-text-editor\" data-id=\"26b3be6\" data-element_type=\"widget\" data-widget_type=\"text-editor.default\">\n\t\t\t\t<div class=\"elementor-widget-container\">\n\t\t\t\t\t\t\t<p>Il existe une multitude d\u2019enduits diff\u00e9rents, mais ils ont tous une chose en commun\u00a0: il s\u2019agit d&#8217;un m\u00e9lange de sable, d\u2019eau et d\u2019un liant, p.\u00a0ex. du ciment, de la chaux ou du pl\u00e2tre.<\/p><p>L\u2019\u00e9paisseur de l&#8217;enduit est un facteur d\u00e9terminant pour son utilisation. Les sous-couches, par exemple, font partie des enduits \u00e9pais. La sous-couche sert \u00e0 \u00e9galiser les irr\u00e9gularit\u00e9s et \u00e0 pr\u00e9parer la surface pour une pose optimale de la couche sup\u00e9rieure. Pour cette raison, la couche sup\u00e9rieure est aussi appel\u00e9e \u00ab\u00a0couche de finition\u00a0\u00bb. Celle-ci a un grand impact sur l&#8217;apparence de la fa\u00e7ade. Important\u00a0: les deux couches doivent \u00eatre adapt\u00e9es l&#8217;une \u00e0 l&#8217;autre. Si ce n&#8217;est pas le cas, cela peut entra\u00eener des fissures ou une instabilit\u00e9.<\/p>\t\t\t\t\t\t<\/div>\n\t\t\t\t<\/div>\n\t\t\t\t\t<\/div>\n\t\t<\/div>\n\t\t\t\t\t<\/div>\n\t\t<\/section>\n\t\t\t\t<section class=\"elementor-section elementor-top-section elementor-element elementor-element-beee15b elementor-section-stretched elementor-section-boxed elementor-section-height-default elementor-section-height-default\" data-id=\"beee15b\" data-element_type=\"section\" data-settings=\"{&quot;stretch_section&quot;:&quot;section-stretched&quot;,&quot;background_background&quot;:&quot;classic&quot;}\">\n\t\t\t\t\t\t<div class=\"elementor-container elementor-column-gap-default\">\n\t\t\t\t\t<div class=\"elementor-column elementor-col-50 elementor-top-column elementor-element elementor-element-c3ce9b1\" data-id=\"c3ce9b1\" data-element_type=\"column\">\n\t\t\t<div class=\"elementor-widget-wrap elementor-element-populated\">\n\t\t\t\t\t\t<div class=\"elementor-element elementor-element-bee9df8 elementor-widget elementor-widget-rt-title\" data-id=\"bee9df8\" data-element_type=\"widget\" data-widget_type=\"rt-title.default\">\n\t\t\t\t<div class=\"elementor-widget-container\">\n\t\t\t<div class=\"heading-default-layout heading-layout1new\">\t\t\t\r\n\t\t\t<div class=\"item-beforetitle item-subtitle\">PROJETS R\u00c9CENTS<\/div>\t\t\r\n\t\t<h2 class=\"item-title\"> D\u00e9couvrez nos r\u00e9alisations<br>\n les plus r\u00e9centes <\/h2>\r\n\t\t<\/div>\r\n\t\t<\/div>\n\t\t\t\t<\/div>\n\t\t\t\t\t<\/div>\n\t\t<\/div>\n\t\t\t\t<div class=\"elementor-column elementor-col-50 elementor-top-column elementor-element elementor-element-a5bfc1b\" data-id=\"a5bfc1b\" data-element_type=\"column\">\n\t\t\t<div class=\"elementor-widget-wrap elementor-element-populated\">\n\t\t\t\t\t\t<div class=\"elementor-element elementor-element-4b6552a elementor-widget elementor-widget-rt-title\" data-id=\"4b6552a\" data-element_type=\"widget\" data-widget_type=\"rt-title.default\">\n\t\t\t\t<div class=\"elementor-widget-container\">\n\t\t\t<div class=\"heading-default-layout heading-layout1\">\t\t\t\r\n\t\t<h2 class=\"item-title\">  <\/h2>\r\n\t\t\t\t<p class=\"section-subtitle\">La qualit\u00e9 de nos travaux est irr\u00e9prochable. Chaque d\u00e9tail est ex\u00e9cut\u00e9 avec le plus grand soin et la plus grande pr\u00e9cision. Nous connaissons notre m\u00e9tier, et rien ne compte plus pour nous que la qualit\u00e9 des r\u00e9sultats et la satisfaction de nos clients.<\/p>\r\n\t<\/div>\r\n\t\t<\/div>\n\t\t\t\t<\/div>\n\t\t\t\t<div class=\"elementor-element elementor-element-c18b594 elementor-widget elementor-widget-spacer\" data-id=\"c18b594\" data-element_type=\"widget\" data-widget_type=\"spacer.default\">\n\t\t\t\t<div class=\"elementor-widget-container\">\n\t\t\t\t\t<div class=\"elementor-spacer\">\n\t\t\t<div class=\"elementor-spacer-inner\"><\/div>\n\t\t<\/div>\n\t\t\t\t<\/div>\n\t\t\t\t<\/div>\n\t\t\t\t<div class=\"elementor-element elementor-element-9ac9091 elementor-widget elementor-widget-image-gallery\" data-id=\"9ac9091\" data-element_type=\"widget\" data-widget_type=\"image-gallery.default\">\n\t\t\t\t<div class=\"elementor-widget-container\">\n\t\t\t\t\t<div class=\"elementor-image-gallery\">\n\t\t\t<div id='gallery-1' class='gallery galleryid-5702 gallery-columns-4 gallery-size-thumbnail'><figure class='gallery-item'>\n\t\t\t<div class='gallery-icon portrait'>\n\t\t\t\t<a data-elementor-open-lightbox=\"yes\" data-elementor-lightbox-slideshow=\"9ac9091\" data-elementor-lightbox-title=\"schleihs-isolierung-004\" data-e-action-hash=\"#elementor-action%3Aaction%3Dlightbox%26settings%3DeyJpZCI6NTM5MywidXJsIjoiaHR0cHM6XC9cL3d3dy5zY2hsZWlocy1zYS5jb21cL3dwLWNvbnRlbnRcL3VwbG9hZHNcLzIwMjRcLzA5XC9zY2hsZWlocy1pc29saWVydW5nLTAwNC5qcGciLCJzbGlkZXNob3ciOiI5YWM5MDkxIn0%3D\" href='https:\/\/www.schleihs-sa.com\/wp-content\/uploads\/2024\/09\/schleihs-isolierung-004.jpg'><img decoding=\"async\" width=\"150\" height=\"150\" src=\"https:\/\/www.schleihs-sa.com\/wp-content\/uploads\/2024\/09\/schleihs-isolierung-004-150x150.jpg\" class=\"attachment-thumbnail size-thumbnail\" alt=\"\" \/><\/a>\n\t\t\t<\/div><\/figure><figure class='gallery-item'>\n\t\t\t<div class='gallery-icon landscape'>\n\t\t\t\t<a data-elementor-open-lightbox=\"yes\" data-elementor-lightbox-slideshow=\"9ac9091\" data-elementor-lightbox-title=\"schleihs-isolierung-001\" data-e-action-hash=\"#elementor-action%3Aaction%3Dlightbox%26settings%3DeyJpZCI6NTM4NCwidXJsIjoiaHR0cHM6XC9cL3d3dy5zY2hsZWlocy1zYS5jb21cL3dwLWNvbnRlbnRcL3VwbG9hZHNcLzIwMjRcLzA5XC9zY2hsZWlocy1pc29saWVydW5nLTAwMS5qcGciLCJzbGlkZXNob3ciOiI5YWM5MDkxIn0%3D\" href='https:\/\/www.schleihs-sa.com\/wp-content\/uploads\/2024\/09\/schleihs-isolierung-001.jpg'><img loading=\"lazy\" decoding=\"async\" width=\"150\" height=\"150\" src=\"https:\/\/www.schleihs-sa.com\/wp-content\/uploads\/2024\/09\/schleihs-isolierung-001-150x150.jpg\" class=\"attachment-thumbnail size-thumbnail\" alt=\"\" \/><\/a>\n\t\t\t<\/div><\/figure><figure class='gallery-item'>\n\t\t\t<div class='gallery-icon landscape'>\n\t\t\t\t<a data-elementor-open-lightbox=\"yes\" data-elementor-lightbox-slideshow=\"9ac9091\" data-elementor-lightbox-title=\"schleihs-isolierung-002\" data-e-action-hash=\"#elementor-action%3Aaction%3Dlightbox%26settings%3DeyJpZCI6NTM4NywidXJsIjoiaHR0cHM6XC9cL3d3dy5zY2hsZWlocy1zYS5jb21cL3dwLWNvbnRlbnRcL3VwbG9hZHNcLzIwMjRcLzA5XC9zY2hsZWlocy1pc29saWVydW5nLTAwMi5qcGciLCJzbGlkZXNob3ciOiI5YWM5MDkxIn0%3D\" href='https:\/\/www.schleihs-sa.com\/wp-content\/uploads\/2024\/09\/schleihs-isolierung-002.jpg'><img loading=\"lazy\" decoding=\"async\" width=\"150\" height=\"150\" src=\"https:\/\/www.schleihs-sa.com\/wp-content\/uploads\/2024\/09\/schleihs-isolierung-002-150x150.jpg\" class=\"attachment-thumbnail size-thumbnail\" alt=\"\" \/><\/a>\n\t\t\t<\/div><\/figure><figure class='gallery-item'>\n\t\t\t<div class='gallery-icon landscape'>\n\t\t\t\t<a data-elementor-open-lightbox=\"yes\" data-elementor-lightbox-slideshow=\"9ac9091\" data-elementor-lightbox-title=\"schleihs-isolierung-003\" data-e-action-hash=\"#elementor-action%3Aaction%3Dlightbox%26settings%3DeyJpZCI6NTM5MCwidXJsIjoiaHR0cHM6XC9cL3d3dy5zY2hsZWlocy1zYS5jb21cL3dwLWNvbnRlbnRcL3VwbG9hZHNcLzIwMjRcLzA5XC9zY2hsZWlocy1pc29saWVydW5nLTAwMy5qcGciLCJzbGlkZXNob3ciOiI5YWM5MDkxIn0%3D\" href='https:\/\/www.schleihs-sa.com\/wp-content\/uploads\/2024\/09\/schleihs-isolierung-003.jpg'><img loading=\"lazy\" decoding=\"async\" width=\"150\" height=\"150\" src=\"https:\/\/www.schleihs-sa.com\/wp-content\/uploads\/2024\/09\/schleihs-isolierung-003-150x150.jpg\" class=\"attachment-thumbnail size-thumbnail\" alt=\"\" \/><\/a>\n\t\t\t<\/div><\/figure>\n\t\t<\/div>\n\t\t<\/div>\n\t\t\t\t<\/div>\n\t\t\t\t<\/div>\n\t\t\t\t<div class=\"elementor-element elementor-element-392340c elementor-widget elementor-widget-image-gallery\" data-id=\"392340c\" data-element_type=\"widget\" data-widget_type=\"image-gallery.default\">\n\t\t\t\t<div class=\"elementor-widget-container\">\n\t\t\t\t\t<div class=\"elementor-image-gallery\">\n\t\t\t<div id='gallery-2' class='gallery galleryid-5702 gallery-columns-4 gallery-size-thumbnail'><figure class='gallery-item'>\n\t\t\t<div class='gallery-icon landscape'>\n\t\t\t\t<a data-elementor-open-lightbox=\"yes\" data-elementor-lightbox-slideshow=\"392340c\" data-elementor-lightbox-title=\"schleihs-putze_aussen-002\" data-e-action-hash=\"#elementor-action%3Aaction%3Dlightbox%26settings%3DeyJpZCI6NTM5NiwidXJsIjoiaHR0cHM6XC9cL3d3dy5zY2hsZWlocy1zYS5jb21cL3dwLWNvbnRlbnRcL3VwbG9hZHNcLzIwMjRcLzA5XC9zY2hsZWlocy1wdXR6ZV9hdXNzZW4tMDAyLmpwZyIsInNsaWRlc2hvdyI6IjM5MjM0MGMifQ%3D%3D\" href='https:\/\/www.schleihs-sa.com\/wp-content\/uploads\/2024\/09\/schleihs-putze_aussen-002.jpg'><img loading=\"lazy\" decoding=\"async\" width=\"150\" height=\"150\" src=\"https:\/\/www.schleihs-sa.com\/wp-content\/uploads\/2024\/09\/schleihs-putze_aussen-002-150x150.jpg\" class=\"attachment-thumbnail size-thumbnail\" alt=\"\" \/><\/a>\n\t\t\t<\/div><\/figure><figure class='gallery-item'>\n\t\t\t<div class='gallery-icon portrait'>\n\t\t\t\t<a data-elementor-open-lightbox=\"yes\" data-elementor-lightbox-slideshow=\"392340c\" data-elementor-lightbox-title=\"schleihs-putze_aussen-003\" data-e-action-hash=\"#elementor-action%3Aaction%3Dlightbox%26settings%3DeyJpZCI6NTM5OSwidXJsIjoiaHR0cHM6XC9cL3d3dy5zY2hsZWlocy1zYS5jb21cL3dwLWNvbnRlbnRcL3VwbG9hZHNcLzIwMjRcLzA5XC9zY2hsZWlocy1wdXR6ZV9hdXNzZW4tMDAzLmpwZyIsInNsaWRlc2hvdyI6IjM5MjM0MGMifQ%3D%3D\" href='https:\/\/www.schleihs-sa.com\/wp-content\/uploads\/2024\/09\/schleihs-putze_aussen-003.jpg'><img loading=\"lazy\" decoding=\"async\" width=\"150\" height=\"150\" src=\"https:\/\/www.schleihs-sa.com\/wp-content\/uploads\/2024\/09\/schleihs-putze_aussen-003-150x150.jpg\" class=\"attachment-thumbnail size-thumbnail\" alt=\"\" \/><\/a>\n\t\t\t<\/div><\/figure><figure class='gallery-item'>\n\t\t\t<div class='gallery-icon landscape'>\n\t\t\t\t<a data-elementor-open-lightbox=\"yes\" data-elementor-lightbox-slideshow=\"392340c\" data-elementor-lightbox-title=\"schleihs-putze_aussen-004\" data-e-action-hash=\"#elementor-action%3Aaction%3Dlightbox%26settings%3DeyJpZCI6NTQwMiwidXJsIjoiaHR0cHM6XC9cL3d3dy5zY2hsZWlocy1zYS5jb21cL3dwLWNvbnRlbnRcL3VwbG9hZHNcLzIwMjRcLzA5XC9zY2hsZWlocy1wdXR6ZV9hdXNzZW4tMDA0LmpwZyIsInNsaWRlc2hvdyI6IjM5MjM0MGMifQ%3D%3D\" href='https:\/\/www.schleihs-sa.com\/wp-content\/uploads\/2024\/09\/schleihs-putze_aussen-004.jpg'><img loading=\"lazy\" decoding=\"async\" width=\"150\" height=\"150\" src=\"https:\/\/www.schleihs-sa.com\/wp-content\/uploads\/2024\/09\/schleihs-putze_aussen-004-150x150.jpg\" class=\"attachment-thumbnail size-thumbnail\" alt=\"\" \/><\/a>\n\t\t\t<\/div><\/figure><figure class='gallery-item'>\n\t\t\t<div class='gallery-icon landscape'>\n\t\t\t\t<a data-elementor-open-lightbox=\"yes\" data-elementor-lightbox-slideshow=\"392340c\" data-elementor-lightbox-title=\"schleihs-putze_aussen-005\" data-e-action-hash=\"#elementor-action%3Aaction%3Dlightbox%26settings%3DeyJpZCI6NTQwNSwidXJsIjoiaHR0cHM6XC9cL3d3dy5zY2hsZWlocy1zYS5jb21cL3dwLWNvbnRlbnRcL3VwbG9hZHNcLzIwMjRcLzA5XC9zY2hsZWlocy1wdXR6ZV9hdXNzZW4tMDA1LmpwZyIsInNsaWRlc2hvdyI6IjM5MjM0MGMifQ%3D%3D\" href='https:\/\/www.schleihs-sa.com\/wp-content\/uploads\/2024\/09\/schleihs-putze_aussen-005.jpg'><img loading=\"lazy\" decoding=\"async\" width=\"150\" height=\"150\" src=\"https:\/\/www.schleihs-sa.com\/wp-content\/uploads\/2024\/09\/schleihs-putze_aussen-005-150x150.jpg\" class=\"attachment-thumbnail size-thumbnail\" alt=\"\" \/><\/a>\n\t\t\t<\/div><\/figure><figure class='gallery-item'>\n\t\t\t<div class='gallery-icon portrait'>\n\t\t\t\t<a data-elementor-open-lightbox=\"yes\" data-elementor-lightbox-slideshow=\"392340c\" data-elementor-lightbox-title=\"schleihs-putze_aussen-006\" data-e-action-hash=\"#elementor-action%3Aaction%3Dlightbox%26settings%3DeyJpZCI6NTQwOCwidXJsIjoiaHR0cHM6XC9cL3d3dy5zY2hsZWlocy1zYS5jb21cL3dwLWNvbnRlbnRcL3VwbG9hZHNcLzIwMjRcLzA5XC9zY2hsZWlocy1wdXR6ZV9hdXNzZW4tMDA2LmpwZyIsInNsaWRlc2hvdyI6IjM5MjM0MGMifQ%3D%3D\" href='https:\/\/www.schleihs-sa.com\/wp-content\/uploads\/2024\/09\/schleihs-putze_aussen-006.jpg'><img loading=\"lazy\" decoding=\"async\" width=\"150\" height=\"150\" src=\"https:\/\/www.schleihs-sa.com\/wp-content\/uploads\/2024\/09\/schleihs-putze_aussen-006-150x150.jpg\" class=\"attachment-thumbnail size-thumbnail\" alt=\"\" \/><\/a>\n\t\t\t<\/div><\/figure><figure class='gallery-item'>\n\t\t\t<div class='gallery-icon portrait'>\n\t\t\t\t<a data-elementor-open-lightbox=\"yes\" data-elementor-lightbox-slideshow=\"392340c\" data-elementor-lightbox-title=\"schleihs-putze_aussen-007\" data-e-action-hash=\"#elementor-action%3Aaction%3Dlightbox%26settings%3DeyJpZCI6NTQxMSwidXJsIjoiaHR0cHM6XC9cL3d3dy5zY2hsZWlocy1zYS5jb21cL3dwLWNvbnRlbnRcL3VwbG9hZHNcLzIwMjRcLzA5XC9zY2hsZWlocy1wdXR6ZV9hdXNzZW4tMDA3LmpwZyIsInNsaWRlc2hvdyI6IjM5MjM0MGMifQ%3D%3D\" href='https:\/\/www.schleihs-sa.com\/wp-content\/uploads\/2024\/09\/schleihs-putze_aussen-007.jpg'><img loading=\"lazy\" decoding=\"async\" width=\"150\" height=\"150\" src=\"https:\/\/www.schleihs-sa.com\/wp-content\/uploads\/2024\/09\/schleihs-putze_aussen-007-150x150.jpg\" class=\"attachment-thumbnail size-thumbnail\" alt=\"\" \/><\/a>\n\t\t\t<\/div><\/figure>\n\t\t<\/div>\n\t\t<\/div>\n\t\t\t\t<\/div>\n\t\t\t\t<\/div>\n\t\t\t\t<div class=\"elementor-element elementor-element-5202ff5 elementor-widget elementor-widget-image-gallery\" data-id=\"5202ff5\" data-element_type=\"widget\" data-widget_type=\"image-gallery.default\">\n\t\t\t\t<div class=\"elementor-widget-container\">\n\t\t\t\t\t<div class=\"elementor-image-gallery\">\n\t\t\t<div id='gallery-3' class='gallery galleryid-5702 gallery-columns-4 gallery-size-thumbnail'><figure class='gallery-item'>\n\t\t\t<div class='gallery-icon portrait'>\n\t\t\t\t<a data-elementor-open-lightbox=\"yes\" data-elementor-lightbox-slideshow=\"5202ff5\" data-elementor-lightbox-title=\"schleihs-putze_innen-002\" data-e-action-hash=\"#elementor-action%3Aaction%3Dlightbox%26settings%3DeyJpZCI6NTQxNSwidXJsIjoiaHR0cHM6XC9cL3d3dy5zY2hsZWlocy1zYS5jb21cL3dwLWNvbnRlbnRcL3VwbG9hZHNcLzIwMjRcLzA5XC9zY2hsZWlocy1wdXR6ZV9pbm5lbi0wMDIuanBnIiwic2xpZGVzaG93IjoiNTIwMmZmNSJ9\" href='https:\/\/www.schleihs-sa.com\/wp-content\/uploads\/2024\/09\/schleihs-putze_innen-002.jpg'><img loading=\"lazy\" decoding=\"async\" width=\"150\" height=\"150\" src=\"https:\/\/www.schleihs-sa.com\/wp-content\/uploads\/2024\/09\/schleihs-putze_innen-002-150x150.jpg\" class=\"attachment-thumbnail size-thumbnail\" alt=\"\" \/><\/a>\n\t\t\t<\/div><\/figure><figure class='gallery-item'>\n\t\t\t<div class='gallery-icon portrait'>\n\t\t\t\t<a data-elementor-open-lightbox=\"yes\" data-elementor-lightbox-slideshow=\"5202ff5\" data-elementor-lightbox-title=\"schleihs-putze_innen-003\" data-e-action-hash=\"#elementor-action%3Aaction%3Dlightbox%26settings%3DeyJpZCI6NTQxOCwidXJsIjoiaHR0cHM6XC9cL3d3dy5zY2hsZWlocy1zYS5jb21cL3dwLWNvbnRlbnRcL3VwbG9hZHNcLzIwMjRcLzA5XC9zY2hsZWlocy1wdXR6ZV9pbm5lbi0wMDMuanBnIiwic2xpZGVzaG93IjoiNTIwMmZmNSJ9\" href='https:\/\/www.schleihs-sa.com\/wp-content\/uploads\/2024\/09\/schleihs-putze_innen-003.jpg'><img loading=\"lazy\" decoding=\"async\" width=\"150\" height=\"150\" src=\"https:\/\/www.schleihs-sa.com\/wp-content\/uploads\/2024\/09\/schleihs-putze_innen-003-150x150.jpg\" class=\"attachment-thumbnail size-thumbnail\" alt=\"\" \/><\/a>\n\t\t\t<\/div><\/figure><figure class='gallery-item'>\n\t\t\t<div class='gallery-icon landscape'>\n\t\t\t\t<a data-elementor-open-lightbox=\"yes\" data-elementor-lightbox-slideshow=\"5202ff5\" data-elementor-lightbox-title=\"schleihs-putze_innen-004\" data-e-action-hash=\"#elementor-action%3Aaction%3Dlightbox%26settings%3DeyJpZCI6NTU2NCwidXJsIjoiaHR0cHM6XC9cL3d3dy5zY2hsZWlocy1zYS5jb21cL3dwLWNvbnRlbnRcL3VwbG9hZHNcLzIwMjRcLzA5XC9zY2hsZWlocy1wdXR6ZV9pbm5lbi0wMDQuanBnIiwic2xpZGVzaG93IjoiNTIwMmZmNSJ9\" href='https:\/\/www.schleihs-sa.com\/wp-content\/uploads\/2024\/09\/schleihs-putze_innen-004.jpg'><img loading=\"lazy\" decoding=\"async\" width=\"150\" height=\"150\" src=\"https:\/\/www.schleihs-sa.com\/wp-content\/uploads\/2024\/09\/schleihs-putze_innen-004-150x150.jpg\" class=\"attachment-thumbnail size-thumbnail\" alt=\"\" \/><\/a>\n\t\t\t<\/div><\/figure><figure class='gallery-item'>\n\t\t\t<div class='gallery-icon portrait'>\n\t\t\t\t<a data-elementor-open-lightbox=\"yes\" data-elementor-lightbox-slideshow=\"5202ff5\" data-elementor-lightbox-title=\"schleihs-putze_innen-005\" data-e-action-hash=\"#elementor-action%3Aaction%3Dlightbox%26settings%3DeyJpZCI6NTU2NywidXJsIjoiaHR0cHM6XC9cL3d3dy5zY2hsZWlocy1zYS5jb21cL3dwLWNvbnRlbnRcL3VwbG9hZHNcLzIwMjRcLzA5XC9zY2hsZWlocy1wdXR6ZV9pbm5lbi0wMDUuanBnIiwic2xpZGVzaG93IjoiNTIwMmZmNSJ9\" href='https:\/\/www.schleihs-sa.com\/wp-content\/uploads\/2024\/09\/schleihs-putze_innen-005.jpg'><img loading=\"lazy\" decoding=\"async\" width=\"150\" height=\"150\" src=\"https:\/\/www.schleihs-sa.com\/wp-content\/uploads\/2024\/09\/schleihs-putze_innen-005-150x150.jpg\" class=\"attachment-thumbnail size-thumbnail\" alt=\"\" \/><\/a>\n\t\t\t<\/div><\/figure>\n\t\t<\/div>\n\t\t<\/div>\n\t\t\t\t<\/div>\n\t\t\t\t<\/div>\n\t\t\t\t\t<\/div>\n\t\t<\/div>\n\t\t\t\t\t<\/div>\n\t\t<\/section>\n\t\t\t\t<\/div>\n\t\t","protected":false},"excerpt":{"rendered":"<p>NOTRE OFFRE Isolation Le polystyr\u00e8ne expans\u00e9, ou frigolite, est un isolant classique pour les habitations. Il a d\u2019excellentes propri\u00e9t\u00e9s d\u2019isolation thermique. \u00a0Comme il contient de nombreuses bulles d\u2019air, il isole aussi bien contre le froid que la chaleur, ce qui en fait un mat\u00e9riau de choix pour les syst\u00e8mes d\u2019isolation ext\u00e9rieure sous enduit. En outre,&#8230;<\/p>\n","protected":false},"author":1,"featured_media":0,"parent":0,"menu_order":0,"comment_status":"closed","ping_status":"closed","template":"elementor_header_footer","meta":{"footnotes":""},"class_list":["post-5702","page","type-page","status-publish","hentry"],"_links":{"self":[{"href":"https:\/\/www.schleihs-sa.com\/fr\/wp-json\/wp\/v2\/pages\/5702"}],"collection":[{"href":"https:\/\/www.schleihs-sa.com\/fr\/wp-json\/wp\/v2\/pages"}],"about":[{"href":"https:\/\/www.schleihs-sa.com\/fr\/wp-json\/wp\/v2\/types\/page"}],"author":[{"embeddable":true,"href":"https:\/\/www.schleihs-sa.com\/fr\/wp-json\/wp\/v2\/users\/1"}],"replies":[{"embeddable":true,"href":"https:\/\/www.schleihs-sa.com\/fr\/wp-json\/wp\/v2\/comments?post=5702"}],"version-history":[{"count":4,"href":"https:\/\/www.schleihs-sa.com\/fr\/wp-json\/wp\/v2\/pages\/5702\/revisions"}],"predecessor-version":[{"id":5708,"href":"https:\/\/www.schleihs-sa.com\/fr\/wp-json\/wp\/v2\/pages\/5702\/revisions\/5708"}],"wp:attachment":[{"href":"https:\/\/www.schleihs-sa.com\/fr\/wp-json\/wp\/v2\/media?parent=5702"}],"curies":[{"name":"wp","href":"https:\/\/api.w.org\/{rel}","templated":true}]}}