{"id":5678,"date":"2024-04-24T13:31:55","date_gmt":"2024-04-24T11:31:55","guid":{"rendered":"https:\/\/dev.jardindigital.com\/www.schleihs-sa.com\/boden-treppen\/"},"modified":"2024-09-25T14:06:21","modified_gmt":"2024-09-25T12:06:21","slug":"sols-et-escaliers","status":"publish","type":"page","link":"https:\/\/www.schleihs-sa.com\/fr\/sols-et-escaliers\/","title":{"rendered":"Sols et escaliers"},"content":{"rendered":"\t\t<div data-elementor-type=\"wp-page\" data-elementor-id=\"5678\" class=\"elementor elementor-5678 elementor-4865\">\n\t\t\t\t\t\t<section class=\"elementor-section elementor-top-section elementor-element elementor-element-7e1b73d5 elementor-section-stretched elementor-section-boxed elementor-section-height-default elementor-section-height-default\" data-id=\"7e1b73d5\" data-element_type=\"section\" data-settings=\"{&quot;background_background&quot;:&quot;classic&quot;,&quot;stretch_section&quot;:&quot;section-stretched&quot;}\">\n\t\t\t\t\t\t\t<div class=\"elementor-background-overlay\"><\/div>\n\t\t\t\t\t\t\t<div class=\"elementor-container elementor-column-gap-default\">\n\t\t\t\t\t<div class=\"elementor-column elementor-col-50 elementor-top-column elementor-element elementor-element-4147d564\" data-id=\"4147d564\" data-element_type=\"column\">\n\t\t\t<div class=\"elementor-widget-wrap elementor-element-populated\">\n\t\t\t\t\t\t<div class=\"elementor-element elementor-element-2f5753b0 elementor-widget elementor-widget-rt-title\" data-id=\"2f5753b0\" data-element_type=\"widget\" data-widget_type=\"rt-title.default\">\n\t\t\t\t<div class=\"elementor-widget-container\">\n\t\t\t<div class=\"heading-default-layout heading-layout1new\">\t\t\t\r\n\t\t\t<div class=\"item-beforetitle item-subtitle\">NOTRE OFFRE<\/div>\t\t\r\n\t\t<h2 class=\"item-title\"> Sols <\/h2>\r\n\t\t<\/div>\r\n\t\t<\/div>\n\t\t\t\t<\/div>\n\t\t\t\t<div class=\"elementor-element elementor-element-5b5d93f elementor-widget elementor-widget-text-editor\" data-id=\"5b5d93f\" data-element_type=\"widget\" data-widget_type=\"text-editor.default\">\n\t\t\t\t<div class=\"elementor-widget-container\">\n\t\t\t\t\t\t\t<p>Vous voulez donner du caract\u00e8re \u00e0 votre int\u00e9rieur\u00a0? Optez pour un rev\u00eatement de sol design. Nous proposons un large choix de looks design, de formes, de formats\u2026 pour vous offrir autant de cr\u00e9ativit\u00e9 et de flexibilit\u00e9 que possible.<\/p><p>Si vous ne souhaitez pas enlever votre carrelage, la meilleure solution est de commencer par une couche d\u2019\u00e9galisation, puis de coller ou de poser un rev\u00eatement de sol design. M\u00e9tamorphosez votre pi\u00e8ce, proprement et en toute simplicit\u00e9\u00a0!<\/p>\t\t\t\t\t\t<\/div>\n\t\t\t\t<\/div>\n\t\t\t\t<div class=\"elementor-element elementor-element-238be4f elementor-widget elementor-widget-spacer\" data-id=\"238be4f\" data-element_type=\"widget\" data-widget_type=\"spacer.default\">\n\t\t\t\t<div class=\"elementor-widget-container\">\n\t\t\t\t\t<div class=\"elementor-spacer\">\n\t\t\t<div class=\"elementor-spacer-inner\"><\/div>\n\t\t<\/div>\n\t\t\t\t<\/div>\n\t\t\t\t<\/div>\n\t\t\t\t<div class=\"elementor-element elementor-element-bb30024 elementor-widget elementor-widget-heading\" data-id=\"bb30024\" data-element_type=\"widget\" data-widget_type=\"heading.default\">\n\t\t\t\t<div class=\"elementor-widget-container\">\n\t\t\t<h2 class=\"elementor-heading-title elementor-size-default\">Moquettes<\/h2>\t\t<\/div>\n\t\t\t\t<\/div>\n\t\t\t\t<div class=\"elementor-element elementor-element-b5af72a elementor-widget elementor-widget-spacer\" data-id=\"b5af72a\" data-element_type=\"widget\" data-widget_type=\"spacer.default\">\n\t\t\t\t<div class=\"elementor-widget-container\">\n\t\t\t\t\t<div class=\"elementor-spacer\">\n\t\t\t<div class=\"elementor-spacer-inner\"><\/div>\n\t\t<\/div>\n\t\t\t\t<\/div>\n\t\t\t\t<\/div>\n\t\t\t\t<div class=\"elementor-element elementor-element-32dd678 elementor-widget elementor-widget-text-editor\" data-id=\"32dd678\" data-element_type=\"widget\" data-widget_type=\"text-editor.default\">\n\t\t\t\t<div class=\"elementor-widget-container\">\n\t\t\t\t\t\t\t<p>Vaste choix de couleurs, livrable en rouleaux ou en dalles, pour les espaces de bureaux et d\u2019habitation.<\/p>\t\t\t\t\t\t<\/div>\n\t\t\t\t<\/div>\n\t\t\t\t\t<\/div>\n\t\t<\/div>\n\t\t\t\t<div class=\"elementor-column elementor-col-50 elementor-top-column elementor-element elementor-element-7476494 elementor-invisible\" data-id=\"7476494\" data-element_type=\"column\" data-settings=\"{&quot;animation&quot;:&quot;fadeInRight&quot;}\">\n\t\t\t<div class=\"elementor-widget-wrap elementor-element-populated\">\n\t\t\t\t\t\t<div class=\"elementor-element elementor-element-1ee41d0c elementor-widget elementor-widget-image\" data-id=\"1ee41d0c\" data-element_type=\"widget\" data-widget_type=\"image.default\">\n\t\t\t\t<div class=\"elementor-widget-container\">\n\t\t\t\t\t\t\t\t\t\t\t\t\t<img fetchpriority=\"high\" decoding=\"async\" width=\"801\" height=\"1200\" src=\"https:\/\/www.schleihs-sa.com\/wp-content\/uploads\/2024\/05\/schleihs-boeden-treppen01.jpg\" class=\"attachment-full size-full wp-image-4908\" alt=\"\" srcset=\"https:\/\/www.schleihs-sa.com\/wp-content\/uploads\/2024\/05\/schleihs-boeden-treppen01.jpg 801w, https:\/\/www.schleihs-sa.com\/wp-content\/uploads\/2024\/05\/schleihs-boeden-treppen01-200x300.jpg 200w, https:\/\/www.schleihs-sa.com\/wp-content\/uploads\/2024\/05\/schleihs-boeden-treppen01-684x1024.jpg 684w\" sizes=\"(max-width: 801px) 100vw, 801px\" \/>\t\t\t\t\t\t\t\t\t\t\t\t\t<\/div>\n\t\t\t\t<\/div>\n\t\t\t\t\t<\/div>\n\t\t<\/div>\n\t\t\t\t\t<\/div>\n\t\t<\/section>\n\t\t\t\t<section class=\"elementor-section elementor-top-section elementor-element elementor-element-9f65cb7 elementor-section-stretched elementor-section-boxed elementor-section-height-default elementor-section-height-default\" data-id=\"9f65cb7\" data-element_type=\"section\" data-settings=\"{&quot;background_background&quot;:&quot;classic&quot;,&quot;stretch_section&quot;:&quot;section-stretched&quot;}\">\n\t\t\t\t\t\t\t<div class=\"elementor-background-overlay\"><\/div>\n\t\t\t\t\t\t\t<div class=\"elementor-container elementor-column-gap-default\">\n\t\t\t\t\t<div class=\"elementor-column elementor-col-50 elementor-top-column elementor-element elementor-element-7ad0fa4 elementor-invisible\" data-id=\"7ad0fa4\" data-element_type=\"column\" data-settings=\"{&quot;animation&quot;:&quot;fadeInLeft&quot;}\">\n\t\t\t<div class=\"elementor-widget-wrap elementor-element-populated\">\n\t\t\t\t\t\t<div class=\"elementor-element elementor-element-965c98a elementor-widget elementor-widget-image\" data-id=\"965c98a\" data-element_type=\"widget\" data-widget_type=\"image.default\">\n\t\t\t\t<div class=\"elementor-widget-container\">\n\t\t\t\t\t\t\t\t\t\t\t\t\t<img decoding=\"async\" width=\"801\" height=\"1200\" src=\"https:\/\/www.schleihs-sa.com\/wp-content\/uploads\/2024\/05\/schleihs-boeden-treppen02.jpg\" class=\"attachment-full size-full wp-image-4909\" alt=\"\" srcset=\"https:\/\/www.schleihs-sa.com\/wp-content\/uploads\/2024\/05\/schleihs-boeden-treppen02.jpg 801w, https:\/\/www.schleihs-sa.com\/wp-content\/uploads\/2024\/05\/schleihs-boeden-treppen02-200x300.jpg 200w, https:\/\/www.schleihs-sa.com\/wp-content\/uploads\/2024\/05\/schleihs-boeden-treppen02-684x1024.jpg 684w\" sizes=\"(max-width: 801px) 100vw, 801px\" \/>\t\t\t\t\t\t\t\t\t\t\t\t\t<\/div>\n\t\t\t\t<\/div>\n\t\t\t\t\t<\/div>\n\t\t<\/div>\n\t\t\t\t<div class=\"elementor-column elementor-col-50 elementor-top-column elementor-element elementor-element-8dec9ec\" data-id=\"8dec9ec\" data-element_type=\"column\">\n\t\t\t<div class=\"elementor-widget-wrap elementor-element-populated\">\n\t\t\t\t\t\t<div class=\"elementor-element elementor-element-79c5d4d elementor-widget elementor-widget-rt-title\" data-id=\"79c5d4d\" data-element_type=\"widget\" data-widget_type=\"rt-title.default\">\n\t\t\t\t<div class=\"elementor-widget-container\">\n\t\t\t<div class=\"heading-default-layout heading-layout1new\">\t\t\t\r\n\t\t\t<div class=\"item-beforetitle item-subtitle\">NOTRE OFFRE<\/div>\t\t\r\n\t\t<h2 class=\"item-title\"> Escaliers <\/h2>\r\n\t\t<\/div>\r\n\t\t<\/div>\n\t\t\t\t<\/div>\n\t\t\t\t<div class=\"elementor-element elementor-element-26b3be6 elementor-widget elementor-widget-text-editor\" data-id=\"26b3be6\" data-element_type=\"widget\" data-widget_type=\"text-editor.default\">\n\t\t\t\t<div class=\"elementor-widget-container\">\n\t\t\t\t\t\t\t<p>Vous souhaitez repeindre vos escaliers pour les harmoniser avec votre int\u00e9rieur, mettre en valeur un beau grain du bois avec une huile protectrice, ou moderniser vos escaliers carrel\u00e9s avec un rev\u00eatement design\u00a0?<\/p><p>Nous vous montrons comment transformer vos escaliers en v\u00e9ritable point d\u2019attraction en quelques \u00e9tapes.<\/p><p>De m\u00eame pour la rampe et le palier.<\/p>\t\t\t\t\t\t<\/div>\n\t\t\t\t<\/div>\n\t\t\t\t\t<\/div>\n\t\t<\/div>\n\t\t\t\t\t<\/div>\n\t\t<\/section>\n\t\t\t\t<section class=\"elementor-section elementor-top-section elementor-element elementor-element-beee15b elementor-section-stretched elementor-section-boxed elementor-section-height-default elementor-section-height-default\" data-id=\"beee15b\" data-element_type=\"section\" data-settings=\"{&quot;stretch_section&quot;:&quot;section-stretched&quot;,&quot;background_background&quot;:&quot;classic&quot;}\">\n\t\t\t\t\t\t<div class=\"elementor-container elementor-column-gap-default\">\n\t\t\t\t\t<div class=\"elementor-column elementor-col-50 elementor-top-column elementor-element elementor-element-c3ce9b1\" data-id=\"c3ce9b1\" data-element_type=\"column\">\n\t\t\t<div class=\"elementor-widget-wrap elementor-element-populated\">\n\t\t\t\t\t\t<div class=\"elementor-element elementor-element-bee9df8 elementor-widget elementor-widget-rt-title\" data-id=\"bee9df8\" data-element_type=\"widget\" data-widget_type=\"rt-title.default\">\n\t\t\t\t<div class=\"elementor-widget-container\">\n\t\t\t<div class=\"heading-default-layout heading-layout1new\">\t\t\t\r\n\t\t\t<div class=\"item-beforetitle item-subtitle\">PROJETS R\u00c9CENTS<\/div>\t\t\r\n\t\t<h2 class=\"item-title\"> D\u00e9couvrez nos r\u00e9alisations<br>\n les plus r\u00e9centes <\/h2>\r\n\t\t<\/div>\r\n\t\t<\/div>\n\t\t\t\t<\/div>\n\t\t\t\t\t<\/div>\n\t\t<\/div>\n\t\t\t\t<div class=\"elementor-column elementor-col-50 elementor-top-column elementor-element elementor-element-a5bfc1b\" data-id=\"a5bfc1b\" data-element_type=\"column\">\n\t\t\t<div class=\"elementor-widget-wrap elementor-element-populated\">\n\t\t\t\t\t\t<div class=\"elementor-element elementor-element-4b6552a elementor-widget elementor-widget-rt-title\" data-id=\"4b6552a\" data-element_type=\"widget\" data-widget_type=\"rt-title.default\">\n\t\t\t\t<div class=\"elementor-widget-container\">\n\t\t\t<div class=\"heading-default-layout heading-layout1\">\t\t\t\r\n\t\t<h2 class=\"item-title\">  <\/h2>\r\n\t\t\t\t<p class=\"section-subtitle\">La qualit\u00e9 de nos travaux est irr\u00e9prochable. Chaque d\u00e9tail est ex\u00e9cut\u00e9 avec le plus grand soin et la plus grande pr\u00e9cision. Nous connaissons notre m\u00e9tier, et rien ne compte plus pour nous que la qualit\u00e9 des r\u00e9sultats et la satisfaction de nos clients.<\/p>\r\n\t<\/div>\r\n\t\t<\/div>\n\t\t\t\t<\/div>\n\t\t\t\t<div class=\"elementor-element elementor-element-cc8e0f3 elementor-widget elementor-widget-spacer\" data-id=\"cc8e0f3\" data-element_type=\"widget\" data-widget_type=\"spacer.default\">\n\t\t\t\t<div class=\"elementor-widget-container\">\n\t\t\t\t\t<div class=\"elementor-spacer\">\n\t\t\t<div class=\"elementor-spacer-inner\"><\/div>\n\t\t<\/div>\n\t\t\t\t<\/div>\n\t\t\t\t<\/div>\n\t\t\t\t<div class=\"elementor-element elementor-element-c0282e3 elementor-widget elementor-widget-image-gallery\" data-id=\"c0282e3\" data-element_type=\"widget\" data-widget_type=\"image-gallery.default\">\n\t\t\t\t<div class=\"elementor-widget-container\">\n\t\t\t\t\t<div class=\"elementor-image-gallery\">\n\t\t\t<div id='gallery-1' class='gallery galleryid-5678 gallery-columns-4 gallery-size-thumbnail'><figure class='gallery-item'>\n\t\t\t<div class='gallery-icon landscape'>\n\t\t\t\t<a data-elementor-open-lightbox=\"yes\" data-elementor-lightbox-slideshow=\"c0282e3\" data-elementor-lightbox-title=\"schleihs-boden_treppen-001\" data-e-action-hash=\"#elementor-action%3Aaction%3Dlightbox%26settings%3DeyJpZCI6NTQyNCwidXJsIjoiaHR0cHM6XC9cL3d3dy5zY2hsZWlocy1zYS5jb21cL3dwLWNvbnRlbnRcL3VwbG9hZHNcLzIwMjRcLzA5XC9zY2hsZWlocy1ib2Rlbl90cmVwcGVuLTAwMS5qcGciLCJzbGlkZXNob3ciOiJjMDI4MmUzIn0%3D\" href='https:\/\/www.schleihs-sa.com\/wp-content\/uploads\/2024\/09\/schleihs-boden_treppen-001.jpg'><img decoding=\"async\" width=\"150\" height=\"150\" src=\"https:\/\/www.schleihs-sa.com\/wp-content\/uploads\/2024\/09\/schleihs-boden_treppen-001-150x150.jpg\" class=\"attachment-thumbnail size-thumbnail\" alt=\"\" \/><\/a>\n\t\t\t<\/div><\/figure><figure class='gallery-item'>\n\t\t\t<div class='gallery-icon portrait'>\n\t\t\t\t<a data-elementor-open-lightbox=\"yes\" data-elementor-lightbox-slideshow=\"c0282e3\" data-elementor-lightbox-title=\"schleihs-boden_treppen-002\" data-e-action-hash=\"#elementor-action%3Aaction%3Dlightbox%26settings%3DeyJpZCI6NTQyNywidXJsIjoiaHR0cHM6XC9cL3d3dy5zY2hsZWlocy1zYS5jb21cL3dwLWNvbnRlbnRcL3VwbG9hZHNcLzIwMjRcLzA5XC9zY2hsZWlocy1ib2Rlbl90cmVwcGVuLTAwMi5qcGciLCJzbGlkZXNob3ciOiJjMDI4MmUzIn0%3D\" href='https:\/\/www.schleihs-sa.com\/wp-content\/uploads\/2024\/09\/schleihs-boden_treppen-002.jpg'><img loading=\"lazy\" decoding=\"async\" width=\"150\" height=\"150\" src=\"https:\/\/www.schleihs-sa.com\/wp-content\/uploads\/2024\/09\/schleihs-boden_treppen-002-150x150.jpg\" class=\"attachment-thumbnail size-thumbnail\" alt=\"\" \/><\/a>\n\t\t\t<\/div><\/figure><figure class='gallery-item'>\n\t\t\t<div class='gallery-icon portrait'>\n\t\t\t\t<a data-elementor-open-lightbox=\"yes\" data-elementor-lightbox-slideshow=\"c0282e3\" data-elementor-lightbox-title=\"schleihs-boden_treppen-003\" data-e-action-hash=\"#elementor-action%3Aaction%3Dlightbox%26settings%3DeyJpZCI6NTQzMCwidXJsIjoiaHR0cHM6XC9cL3d3dy5zY2hsZWlocy1zYS5jb21cL3dwLWNvbnRlbnRcL3VwbG9hZHNcLzIwMjRcLzA5XC9zY2hsZWlocy1ib2Rlbl90cmVwcGVuLTAwMy5qcGciLCJzbGlkZXNob3ciOiJjMDI4MmUzIn0%3D\" href='https:\/\/www.schleihs-sa.com\/wp-content\/uploads\/2024\/09\/schleihs-boden_treppen-003.jpg'><img loading=\"lazy\" decoding=\"async\" width=\"150\" height=\"150\" src=\"https:\/\/www.schleihs-sa.com\/wp-content\/uploads\/2024\/09\/schleihs-boden_treppen-003-150x150.jpg\" class=\"attachment-thumbnail size-thumbnail\" alt=\"\" \/><\/a>\n\t\t\t<\/div><\/figure>\n\t\t<\/div>\n\t\t<\/div>\n\t\t\t\t<\/div>\n\t\t\t\t<\/div>\n\t\t\t\t\t<\/div>\n\t\t<\/div>\n\t\t\t\t\t<\/div>\n\t\t<\/section>\n\t\t\t\t<\/div>\n\t\t","protected":false},"excerpt":{"rendered":"<p>NOTRE OFFRE Sols Vous voulez donner du caract\u00e8re \u00e0 votre int\u00e9rieur\u00a0? Optez pour un rev\u00eatement de sol design. Nous proposons un large choix de looks design, de formes, de formats\u2026 pour vous offrir autant de cr\u00e9ativit\u00e9 et de flexibilit\u00e9 que possible. Si vous ne souhaitez pas enlever votre carrelage, la meilleure solution est de commencer&#8230;<\/p>\n","protected":false},"author":1,"featured_media":0,"parent":0,"menu_order":0,"comment_status":"closed","ping_status":"closed","template":"elementor_header_footer","meta":{"footnotes":""},"class_list":["post-5678","page","type-page","status-publish","hentry"],"_links":{"self":[{"href":"https:\/\/www.schleihs-sa.com\/fr\/wp-json\/wp\/v2\/pages\/5678"}],"collection":[{"href":"https:\/\/www.schleihs-sa.com\/fr\/wp-json\/wp\/v2\/pages"}],"about":[{"href":"https:\/\/www.schleihs-sa.com\/fr\/wp-json\/wp\/v2\/types\/page"}],"author":[{"embeddable":true,"href":"https:\/\/www.schleihs-sa.com\/fr\/wp-json\/wp\/v2\/users\/1"}],"replies":[{"embeddable":true,"href":"https:\/\/www.schleihs-sa.com\/fr\/wp-json\/wp\/v2\/comments?post=5678"}],"version-history":[{"count":7,"href":"https:\/\/www.schleihs-sa.com\/fr\/wp-json\/wp\/v2\/pages\/5678\/revisions"}],"predecessor-version":[{"id":5694,"href":"https:\/\/www.schleihs-sa.com\/fr\/wp-json\/wp\/v2\/pages\/5678\/revisions\/5694"}],"wp:attachment":[{"href":"https:\/\/www.schleihs-sa.com\/fr\/wp-json\/wp\/v2\/media?parent=5678"}],"curies":[{"name":"wp","href":"https:\/\/api.w.org\/{rel}","templated":true}]}}